{"id":3,"date":"2026-03-09T16:05:29","date_gmt":"2026-03-09T16:05:29","guid":{"rendered":"https:\/\/java-pop.fr\/?page_id=3"},"modified":"2026-04-05T15:42:53","modified_gmt":"2026-04-05T15:42:53","slug":"avis-legal","status":"publish","type":"page","link":"https:\/\/java-pop.fr\/ca\/mentions-legales\/","title":{"rendered":"Av\u00eds legal"},"content":{"rendered":"<p>D'acord amb les disposicions de la Llei n\u00fam. 2004-575 del 21 de juny de 2004 sobre la confian\u00e7a en l'economia digital (LCEN), s'informa els usuaris del lloc web que <strong>java-pop.fr<\/strong> la informaci\u00f3 seg\u00fcent.<\/p>\n\n\n\n<h3 class=\"wp-block-heading\">Editor de lloc web<\/h3>\n\n\n\n<p><strong>LA MEVA FAM\u00cdLIA<\/strong> \u2013 Societat de responsabilitat limitada (SARL) amb un capital social de 3.000 \u20ac<br>Oficina central: 45 Rue de la Charpenterie, 45000 Orl\u00e9ans<br>Registre de Comer\u00e7 i Societats d'Orl\u00e9ans n\u00fam. 522 978 089 \u2013 Codi NACE: 5630Z<br>Senyal: <strong>Java Pop<\/strong><br>Director: Pascal ROUSSEAU<\/p>\n\n\n\n<h3 class=\"wp-block-heading\">Director\/a<\/h3>\n\n\n\n<p>Pascal ROUSSEAU, en la seva qualitat de gerent de l'empresa MY FAMILY.<\/p>\n\n\n\n<h3 class=\"wp-block-heading\">Allotjament<\/h3>\n\n\n\n<p>Robin LABADIE \u2013 LRob \u2013 Empresari individual<br>1 Rue Pierre Chevaldonn\u00e9, 45000 Orl\u00e9ans<br>SIREN: 528 479 736 \u2013 Registre de Comer\u00e7 i de Societats d'Orleans<br>Tel\u00e8fon: 02 21 82 78 27<br>Lloc web: <a href=\"https:\/\/www.lrob.fr\/\">www.lrob.fr<\/a><br>Correu electr\u00f2nic: abuse@lrob.net<\/p>\n\n\n\n<h3 class=\"wp-block-heading\">Propietat intel\u00b7lectual<\/h3>\n\n\n\n<p>Tot el contingut del lloc web java-pop.fr (textos, imatges, logotips, v\u00eddeos, gr\u00e0fics i \u00e0udio) est\u00e0 protegit per la llei de drets d'autor i de marques comercials. Qualsevol reproducci\u00f3, representaci\u00f3 o distribuci\u00f3, total o parcial, sense l'autoritzaci\u00f3 pr\u00e8via per escrit de MY FAMILY, est\u00e0 prohibida i constituiria una infracci\u00f3 sancionable d'acord amb els articles L.335-2 i seg\u00fcents del Codi de la Propietat Intel\u00b7lectual.<\/p>\n\n\n\n<h3 class=\"wp-block-heading\">Formulari de contacte i dades personals<\/h3>\n\n\n\n<p>El lloc web java-pop.fr pot oferir un formulari de contacte que permet als visitants enviar un missatge a l'organitzaci\u00f3. Les dades introdu\u00efdes (nom, adre\u00e7a de correu electr\u00f2nic, missatge) es recullen amb l'\u00fanic prop\u00f2sit de tramitar la consulta i no es venen ni es cedeixen a tercers. Es conserven mentre sigui necessari per tramitar la consulta i, un cop fet, s'eliminaran.<\/p>\n\n\n\n<p>D'acord amb el Reglament general de protecci\u00f3 de dades (RGPD \u2013 UE 2016\/679) i la Llei francesa de protecci\u00f3 de dades del 6 de gener de 1978, modificada, teniu dret a accedir, rectificar, esborrar i oposar-vos al tractament de les vostres dades personals. Per exercir aquests drets, podeu contactar amb nosaltres mitjan\u00e7ant el formulari de contacte del lloc web o per correu postal a l'adre\u00e7a de la nostra seu central.<\/p>\n\n\n\n<h3 class=\"wp-block-heading\">Galetes<\/h3>\n\n\n\n<p>El lloc web java-pop.fr pot utilitzar galetes amb finalitats de mesurament d'audi\u00e8ncia o per garantir el funcionament correcte del lloc web. Pots configurar el teu navegador en qualsevol moment per rebutjar o eliminar les galetes.<\/p>\n\n\n\n<h3 class=\"wp-block-heading\">Alcohol \u2013 Advertiment<\/h3>\n\n\n\n<p>La Java Pop \u00e9s un establiment amb llic\u00e8ncia de categoria IV. D'acord amb les disposicions del Codi de Salut P\u00fablica:<\/p>\n\n\n\n<p><strong>El consum excessiu d'alcohol \u00e9s perjudicial per a la teva salut. Si us plau, beu amb moderaci\u00f3.<\/strong><\/p>\n\n\n\n<p>La venda d'alcohol est\u00e0 prohibida als menors de 18 anys (Article L.3342-1 del Codi de Salut P\u00fablica). Hi ha un sistema de verificaci\u00f3 d'edat a l'entrada del recinte.<\/p>\n\n\n\n<h3 class=\"wp-block-heading\">Limitaci\u00f3 de responsabilitat<\/h3>\n\n\n\n<p>MY FAMILY s'esfor\u00e7a per oferir informaci\u00f3 al lloc web java-pop.fr tan precisa com sigui possible. No obstant aix\u00f2, no es pot responsabilitzar per cap omissi\u00f3, inexactitud o manca d'actualitzaci\u00f3 de la informaci\u00f3, ja sigui causada per si mateixa o per tercers. Tota la informaci\u00f3 proporcionada \u00e9s nom\u00e9s orientativa i est\u00e0 subjecta a canvis.<\/p>\n\n\n\n<h3 class=\"wp-block-heading\">Enlla\u00e7os<\/h3>\n\n\n\n<p>El lloc web java-pop.fr pot contenir enlla\u00e7os a altres llocs web. MY FAMILY no t\u00e9 cap control sobre el contingut d'aquests llocs web de tercers i no assumeix cap responsabilitat pel seu contingut.<\/p>\n\n\n\n<h3 class=\"wp-block-heading\">Llei aplicable<\/h3>\n\n\n\n<p>Aquests avisos legals estan subjectes a la legislaci\u00f3 francesa. En cas de litigi, i si no es pot arribar a una soluci\u00f3 amistosa, els tribunals competents d'Orleans tindran jurisdicci\u00f3 exclusiva.<\/p>","protected":false},"excerpt":{"rendered":"<p>Conform\u00e9ment aux dispositions de la loi n\u00b0 2004-575 du 21 juin 2004 pour la confiance dans l&rsquo;\u00e9conomie num\u00e9rique (LCEN), il est port\u00e9 \u00e0 la connaissance des utilisateurs du site java-pop.fr les informations suivantes. \u00c9diteur du site MY FAMILY \u2013 Soci\u00e9t\u00e9 \u00e0 responsabilit\u00e9 limit\u00e9e (SARL) au capital de 3&nbsp;000&nbsp;\u20acSi\u00e8ge social&nbsp;: 45 rue de la Charpenterie, 45000 [&hellip;]<\/p>\n","protected":false},"author":1,"featured_media":0,"parent":0,"menu_order":0,"comment_status":"closed","ping_status":"closed","template":"","meta":{"footnotes":""},"class_list":["post-3","page","type-page","status-publish","hentry"],"_links":{"self":[{"href":"https:\/\/java-pop.fr\/ca\/wp-json\/wp\/v2\/pages\/3","targetHints":{"allow":["GET"]}}],"collection":[{"href":"https:\/\/java-pop.fr\/ca\/wp-json\/wp\/v2\/pages"}],"about":[{"href":"https:\/\/java-pop.fr\/ca\/wp-json\/wp\/v2\/types\/page"}],"author":[{"embeddable":true,"href":"https:\/\/java-pop.fr\/ca\/wp-json\/wp\/v2\/users\/1"}],"replies":[{"embeddable":true,"href":"https:\/\/java-pop.fr\/ca\/wp-json\/wp\/v2\/comments?post=3"}],"version-history":[{"count":1,"href":"https:\/\/java-pop.fr\/ca\/wp-json\/wp\/v2\/pages\/3\/revisions"}],"predecessor-version":[{"id":63,"href":"https:\/\/java-pop.fr\/ca\/wp-json\/wp\/v2\/pages\/3\/revisions\/63"}],"wp:attachment":[{"href":"https:\/\/java-pop.fr\/ca\/wp-json\/wp\/v2\/media?parent=3"}],"curies":[{"name":"wp","href":"https:\/\/api.w.org\/{rel}","templated":true}]}}