{"id":3,"date":"2026-03-09T16:05:29","date_gmt":"2026-03-09T16:05:29","guid":{"rendered":"https:\/\/java-pop.fr\/?page_id=3"},"modified":"2026-04-05T15:42:53","modified_gmt":"2026-04-05T15:42:53","slug":"impressum","status":"publish","type":"page","link":"https:\/\/java-pop.fr\/de\/mentions-legales\/","title":{"rendered":"Impressum"},"content":{"rendered":"<p>Gem\u00e4\u00df den Bestimmungen des Gesetzes Nr. 2004-575 vom 21. Juni 2004 zur F\u00f6rderung des Vertrauens in die digitale Wirtschaft (LCEN) wird den Nutzern der Website mitgeteilt <strong>java-pop.fr<\/strong> die folgenden Informationen.<\/p>\n\n\n\n<h3 class=\"wp-block-heading\">Website-Herausgeber<\/h3>\n\n\n\n<p><strong>MEINE FAMILIE<\/strong> Gesellschaft mit beschr\u00e4nkter Haftung (GmbH) mit einem Stammkapital von 3.000 \u20ac<br>Firmensitz: 45 rue de la Charpenterie, 45000 Orl\u00e9ans<br>RCS Orl\u00e9ans 522 978 089 \u2013 NAF-Code: 5630Z<br>Unterrichten <strong>Java Pop<\/strong><br>Gesch\u00e4ftsf\u00fchrer: Pascal ROUSSEAU<\/p>\n\n\n\n<h3 class=\"wp-block-heading\">Verleger<\/h3>\n\n\n\n<p>Pascal ROUSSEAU, in seiner Eigenschaft als Gesch\u00e4ftsf\u00fchrer der Firma MY FAMILY.<\/p>\n\n\n\n<h3 class=\"wp-block-heading\">Unterkunft<\/h3>\n\n\n\n<p>Robin LABADIE \u2013 LRob \u2013 Einzelunternehmen<br>1, rue Pierre Chevaldonn\u00e9, 45000 Orl\u00e9ans<br>SIRENE: 528 479 736 \u2013 RCS Orl\u00e9ans<br>Telefon: 02 21 82 78 27<br>Webseite: <a href=\"https:\/\/www.lrob.fr\/\">www.lrob.fr<\/a><br>E-Mail: abuse@lrob.net<\/p>\n\n\n\n<h3 class=\"wp-block-heading\">Geistiges Eigentum<\/h3>\n\n\n\n<p>Die Gesamtheit der auf der Website java-pop.fr enthaltenen Inhalte (Texte, Bilder, Logos, Videos, grafische und akustische Elemente) ist durch das Urheberrecht und das Markenrecht gesch\u00fctzt. Jede teilweise oder vollst\u00e4ndige Reproduktion, Darstellung oder Verbreitung ohne vorherige schriftliche Genehmigung des Unternehmens MY FAMILY ist verboten und w\u00fcrde eine Verletzung darstellen, die durch die Artikel L.335-2 ff. des Gesetzes \u00fcber geistiges Eigentum sanktioniert wird.<\/p>\n\n\n\n<h3 class=\"wp-block-heading\">Kontaktformular und personenbezogene Daten<\/h3>\n\n\n\n<p>Die Website java-pop.fr kann ein Kontaktformular anbieten, \u00fcber das Besucher dem Unternehmen eine Nachricht senden k\u00f6nnen. Die eingegebenen Daten (Name, E-Mail-Adresse, Nachricht) werden ausschlie\u00dflich zum Zweck der Bearbeitung der Anfrage erhoben und weder an Dritte weitergegeben noch \u00fcbermittelt. Sie werden so lange gespeichert, wie f\u00fcr die Bearbeitung der Anfrage erforderlich, und anschlie\u00dfend gel\u00f6scht.<\/p>\n\n\n\n<p>Gem\u00e4\u00df der Datenschutz-Grundverordnung (DSGVO \u2013 EU 2016\/679) und dem Gesetz \u00fcber Informatik und Freiheiten vom 6. Januar 1978 in der ge\u00e4nderten Fassung haben Sie das Recht auf Auskunft, Berichtigung, L\u00f6schung und Widerspruch bez\u00fcglich Ihrer personenbezogenen Daten. Um diese Rechte auszu\u00fcben, k\u00f6nnen Sie uns \u00fcber das Kontaktformular der Website oder per Post an die Adresse des Hauptsitzes kontaktieren.<\/p>\n\n\n\n<h3 class=\"wp-block-heading\">Kekse<\/h3>\n\n\n\n<p>Die Website java-pop.fr verwendet m\u00f6glicherweise Cookies zur Messung der Besucherzahlen oder zur Gew\u00e4hrleistung der ordnungsgem\u00e4\u00dfen Funktion der Website. Sie k\u00f6nnen Ihren Browser jederzeit so konfigurieren, dass Sie Cookies ablehnen oder l\u00f6schen k\u00f6nnen.<\/p>\n\n\n\n<h3 class=\"wp-block-heading\">Alkohol \u2013 Warnung<\/h3>\n\n\n\n<p>La Java Pop ist ein Getr\u00e4nkeausschank mit einer Lizenz IV. Gem\u00e4\u00df den Bestimmungen des \u00f6ffentlichen Gesundheitsgesetzbuches:<\/p>\n\n\n\n<p><strong>Alkoholkonsum ist gesundheitssch\u00e4dlich. In Ma\u00dfen genie\u00dfen.<\/strong><\/p>\n\n\n\n<p>Der Verkauf von Alkohol ist f\u00fcr Minderj\u00e4hrige unter 18 Jahren verboten (Artikel L.3342-1 des Gesundheitsgesetzbuches). Ab dem Betreten der Website wird eine Alters\u00fcberpr\u00fcfung durchgef\u00fchrt.<\/p>\n\n\n\n<h3 class=\"wp-block-heading\">Beschr\u00e4nkung der Haftung<\/h3>\n\n\n\n<p>Die Firma MY FAMILY bem\u00fcht sich, auf der Website java-pop.fr m\u00f6glichst genaue Informationen zu liefern. Sie kann jedoch nicht f\u00fcr Auslassungen, Ungenauigkeiten oder Vers\u00e4umnisse bei der Aktualisierung haftbar gemacht werden, sei es aufgrund eigener Handlungen oder der von Dritten. Alle bereitgestellten Informationen sind rein informativ und k\u00f6nnen sich \u00e4ndern.<\/p>\n\n\n\n<h3 class=\"wp-block-heading\">Hyperlinks<\/h3>\n\n\n\n<p>Die Website java-pop.fr kann Links zu anderen Websites enthalten. Das Unternehmen MY FAMILY hat keine Kontrolle \u00fcber den Inhalt dieser Drittanbieter-Websites und \u00fcbernimmt keine Verantwortung f\u00fcr deren Inhalt.<\/p>\n\n\n\n<h3 class=\"wp-block-heading\">Anwendbares Recht<\/h3>\n\n\n\n<p>Diese rechtlichen Hinweise unterliegen franz\u00f6sischem Recht. Im Falle einer Streitigkeit und wenn keine g\u00fctliche Einigung erzielt werden kann, sind ausschlie\u00dflich die zust\u00e4ndigen Gerichte von Orl\u00e9ans zust\u00e4ndig.<\/p>","protected":false},"excerpt":{"rendered":"<p>Conform\u00e9ment aux dispositions de la loi n\u00b0 2004-575 du 21 juin 2004 pour la confiance dans l&rsquo;\u00e9conomie num\u00e9rique (LCEN), il est port\u00e9 \u00e0 la connaissance des utilisateurs du site java-pop.fr les informations suivantes. \u00c9diteur du site MY FAMILY \u2013 Soci\u00e9t\u00e9 \u00e0 responsabilit\u00e9 limit\u00e9e (SARL) au capital de 3&nbsp;000&nbsp;\u20acSi\u00e8ge social&nbsp;: 45 rue de la Charpenterie, 45000 [&hellip;]<\/p>\n","protected":false},"author":1,"featured_media":0,"parent":0,"menu_order":0,"comment_status":"closed","ping_status":"closed","template":"","meta":{"footnotes":""},"class_list":["post-3","page","type-page","status-publish","hentry"],"_links":{"self":[{"href":"https:\/\/java-pop.fr\/de\/wp-json\/wp\/v2\/pages\/3","targetHints":{"allow":["GET"]}}],"collection":[{"href":"https:\/\/java-pop.fr\/de\/wp-json\/wp\/v2\/pages"}],"about":[{"href":"https:\/\/java-pop.fr\/de\/wp-json\/wp\/v2\/types\/page"}],"author":[{"embeddable":true,"href":"https:\/\/java-pop.fr\/de\/wp-json\/wp\/v2\/users\/1"}],"replies":[{"embeddable":true,"href":"https:\/\/java-pop.fr\/de\/wp-json\/wp\/v2\/comments?post=3"}],"version-history":[{"count":1,"href":"https:\/\/java-pop.fr\/de\/wp-json\/wp\/v2\/pages\/3\/revisions"}],"predecessor-version":[{"id":63,"href":"https:\/\/java-pop.fr\/de\/wp-json\/wp\/v2\/pages\/3\/revisions\/63"}],"wp:attachment":[{"href":"https:\/\/java-pop.fr\/de\/wp-json\/wp\/v2\/media?parent=3"}],"curies":[{"name":"wp","href":"https:\/\/api.w.org\/{rel}","templated":true}]}}