{"id":35,"date":"2026-03-29T16:50:47","date_gmt":"2026-03-29T16:50:47","guid":{"rendered":"https:\/\/java-pop.fr\/?page_id=35"},"modified":"2026-04-26T21:06:23","modified_gmt":"2026-04-26T21:06:23","slug":"la-java-pop-bar-musical-orleans-cocktails-jam-sessions-comedy-club","status":"publish","type":"page","link":"https:\/\/java-pop.fr\/de\/","title":{"rendered":"La Java Pop | Bar Musical Orl\u00e9ans - Cocktails, Jam Sessions &amp; Comedy Club"},"content":{"rendered":"<div class=\"wp-block-cover alignfull\"><img loading=\"lazy\" decoding=\"async\" width=\"1536\" height=\"1024\" class=\"wp-block-cover__image-background wp-image-28 size-full\" alt=\"\" src=\"https:\/\/java-pop.fr\/wp-content\/uploads\/2026\/03\/java-pop-terrasse-nuit-pluie.jpg\" data-object-fit=\"cover\" srcset=\"https:\/\/java-pop.fr\/wp-content\/uploads\/2026\/03\/java-pop-terrasse-nuit-pluie.jpg 1536w, https:\/\/java-pop.fr\/wp-content\/uploads\/2026\/03\/java-pop-terrasse-nuit-pluie-300x200.jpg 300w, https:\/\/java-pop.fr\/wp-content\/uploads\/2026\/03\/java-pop-terrasse-nuit-pluie-1024x683.jpg 1024w, https:\/\/java-pop.fr\/wp-content\/uploads\/2026\/03\/java-pop-terrasse-nuit-pluie-768x512.jpg 768w\" sizes=\"auto, (max-width: 1536px) 100vw, 1536px\" \/><span aria-hidden=\"true\" class=\"wp-block-cover__background has-background-dim-100 has-background-dim wp-block-cover__gradient-background has-background-gradient\" style=\"background:linear-gradient(180deg,rgb(0,0,0) 0%,rgba(255,255,255,0) 40%,rgb(0,0,0) 97%)\"><\/span><div class=\"wp-block-cover__inner-container has-global-padding is-layout-constrained wp-block-cover-is-layout-constrained\"><h1 class=\"wp-block-post-title\">La Java Pop | Bar Musical Orl\u00e9ans - Cocktails, Jam Sessions &amp; Comedy Club<\/h1>\n\n\n<p>Signature Cocktails, Live-Jamsessions und eine intime Atmosph\u00e4re im Herzen des historischen Zentrums von Orl\u00e9ans.<\/p>\n<\/div><\/div>\n\n\n\n<p>Willkommen in La Java Pop, Ihrer Musikbar im Herzen von Orl\u00e9ans. Eingebettet in die Rue de la Charpenterie 45 im alten Zentrum ist La Java Pop viel mehr als eine einfache Cocktailbar: Es ist ein lebendiger Ort, an dem Musik, Humor und Geselligkeit jede Woche zusammenkommen.<\/p>\n\n\n\n<p>Gem\u00fctliches Ambiente, ausgefeilte Akustik, hausgemachte Cocktails - hier kommt man, um etwas zu erleben. Ob Sie einen Drink mit Freunden in einem intimen Rahmen oder einen lebhaften Abend im Rhythmus einer Jam-Session suchen, La Java Pop hei\u00dft Sie willkommen.<\/p>\n\n\n\n<h2 class=\"wp-block-heading\">La Java Jam - Sonntagabend<\/h2>\n\n\n\n<p>Fast jeden Sonntag belebt sich La Java Pop mit der <strong>Java Jam<\/strong> : eine offene Session, bei der Amateur- und Berufsmusiker sowie leidenschaftliche Musiker aufeinandertreffen, sich austauschen und gemeinsam auf der B\u00fchne improvisieren.<\/p>\n\n\n\n<figure class=\"wp-block-image size-large has-custom-border is-style-default\"><img loading=\"lazy\" decoding=\"async\" width=\"1024\" height=\"768\" src=\"https:\/\/java-pop.fr\/wp-content\/uploads\/2026\/04\/Jam-Java-Pop-1024x768.jpg\" alt=\"\" class=\"wp-image-66\" style=\"border-top-left-radius:16px;border-top-right-radius:16px;border-bottom-left-radius:16px;border-bottom-right-radius:16px;aspect-ratio:16\/9;object-fit:cover\" srcset=\"https:\/\/java-pop.fr\/wp-content\/uploads\/2026\/04\/Jam-Java-Pop-1024x768.jpg 1024w, https:\/\/java-pop.fr\/wp-content\/uploads\/2026\/04\/Jam-Java-Pop-300x225.jpg 300w, https:\/\/java-pop.fr\/wp-content\/uploads\/2026\/04\/Jam-Java-Pop-768x576.jpg 768w, https:\/\/java-pop.fr\/wp-content\/uploads\/2026\/04\/Jam-Java-Pop-1536x1152.jpg 1536w, https:\/\/java-pop.fr\/wp-content\/uploads\/2026\/04\/Jam-Java-Pop-2048x1536.jpg 2048w, https:\/\/java-pop.fr\/wp-content\/uploads\/2026\/04\/Jam-Java-Pop-16x12.jpg 16w\" sizes=\"auto, (max-width: 1024px) 100vw, 1024px\" \/><\/figure>\n\n\n\n<p>Keine Setlist, keine Barrieren - nur die Freude am Spielen und am Teilen. La Java Jam ist die Seele von La Java Pop. Kommen Sie und h\u00f6ren Sie zu, kommen Sie und spielen Sie, kommen Sie und vibrieren Sie.<\/p>\n\n\n\n<h2 class=\"wp-block-heading\">Comedy Club &amp; Veranstaltungen<\/h2>\n\n\n\n<p>Die Energie von La Java Pop h\u00f6rt nicht bei der Musik auf. Regelm\u00e4\u00dfig empf\u00e4ngt die Bar ihren <strong>Comedy Club<\/strong> : Improvisationshumorabende, bei denen das Lachen K\u00f6nig ist.<\/p>\n\n\n\n<p>Zwischen Jam Sessions, Comedy Club und Themenabenden ist in La Java Pop immer etwas los. Folgen Sie uns auf den Netzwerken, um nichts zu verpassen!<\/p>\n\n\n\n<ul class=\"wp-block-social-links has-large-icon-size is-content-justification-center is-layout-flex wp-container-core-social-links-is-layout-a89b3969 wp-block-social-links-is-layout-flex\"><li class=\"wp-social-link wp-social-link-facebook  wp-block-social-link\"><a href=\"https:\/\/www.facebook.com\/p\/La-Java-Pop-100063662165255\/\" class=\"wp-block-social-link-anchor\"><svg width=\"24\" height=\"24\" viewbox=\"0 0 24 24\" version=\"1.1\" xmlns=\"http:\/\/www.w3.org\/2000\/svg\" aria-hidden=\"true\" focusable=\"false\"><path d=\"M12 2C6.5 2 2 6.5 2 12c0 5 3.7 9.1 8.4 9.9v-7H7.9V12h2.5V9.8c0-2.5 1.5-3.9 3.8-3.9 1.1 0 2.2.2 2.2.2v2.5h-1.3c-1.2 0-1.6.8-1.6 1.6V12h2.8l-.4 2.9h-2.3v7C18.3 21.1 22 17 22 12c0-5.5-4.5-10-10-10z\"><\/path><\/svg><span class=\"wp-block-social-link-label screen-reader-text\">Facebook<\/span><\/a><\/li>\n\n<li class=\"wp-social-link wp-social-link-instagram  wp-block-social-link\"><a href=\"https:\/\/www.instagram.com\/java_pop_orleans\/\" class=\"wp-block-social-link-anchor\"><svg width=\"24\" height=\"24\" viewbox=\"0 0 24 24\" version=\"1.1\" xmlns=\"http:\/\/www.w3.org\/2000\/svg\" aria-hidden=\"true\" focusable=\"false\"><path d=\"M12,4.622c2.403,0,2.688,0.009,3.637,0.052c0.877,0.04,1.354,0.187,1.671,0.31c0.42,0.163,0.72,0.358,1.035,0.673 c0.315,0.315,0.51,0.615,0.673,1.035c0.123,0.317,0.27,0.794,0.31,1.671c0.043,0.949,0.052,1.234,0.052,3.637 s-0.009,2.688-0.052,3.637c-0.04,0.877-0.187,1.354-0.31,1.671c-0.163,0.42-0.358,0.72-0.673,1.035 c-0.315,0.315-0.615,0.51-1.035,0.673c-0.317,0.123-0.794,0.27-1.671,0.31c-0.949,0.043-1.233,0.052-3.637,0.052 s-2.688-0.009-3.637-0.052c-0.877-0.04-1.354-0.187-1.671-0.31c-0.42-0.163-0.72-0.358-1.035-0.673 c-0.315-0.315-0.51-0.615-0.673-1.035c-0.123-0.317-0.27-0.794-0.31-1.671C4.631,14.688,4.622,14.403,4.622,12 s0.009-2.688,0.052-3.637c0.04-0.877,0.187-1.354,0.31-1.671c0.163-0.42,0.358-0.72,0.673-1.035 c0.315-0.315,0.615-0.51,1.035-0.673c0.317-0.123,0.794-0.27,1.671-0.31C9.312,4.631,9.597,4.622,12,4.622 M12,3 C9.556,3,9.249,3.01,8.289,3.054C7.331,3.098,6.677,3.25,6.105,3.472C5.513,3.702,5.011,4.01,4.511,4.511 c-0.5,0.5-0.808,1.002-1.038,1.594C3.25,6.677,3.098,7.331,3.054,8.289C3.01,9.249,3,9.556,3,12c0,2.444,0.01,2.751,0.054,3.711 c0.044,0.958,0.196,1.612,0.418,2.185c0.23,0.592,0.538,1.094,1.038,1.594c0.5,0.5,1.002,0.808,1.594,1.038 c0.572,0.222,1.227,0.375,2.185,0.418C9.249,20.99,9.556,21,12,21s2.751-0.01,3.711-0.054c0.958-0.044,1.612-0.196,2.185-0.418 c0.592-0.23,1.094-0.538,1.594-1.038c0.5-0.5,0.808-1.002,1.038-1.594c0.222-0.572,0.375-1.227,0.418-2.185 C20.99,14.751,21,14.444,21,12s-0.01-2.751-0.054-3.711c-0.044-0.958-0.196-1.612-0.418-2.185c-0.23-0.592-0.538-1.094-1.038-1.594 c-0.5-0.5-1.002-0.808-1.594-1.038c-0.572-0.222-1.227-0.375-2.185-0.418C14.751,3.01,14.444,3,12,3L12,3z M12,7.378 c-2.552,0-4.622,2.069-4.622,4.622S9.448,16.622,12,16.622s4.622-2.069,4.622-4.622S14.552,7.378,12,7.378z M12,15 c-1.657,0-3-1.343-3-3s1.343-3,3-3s3,1.343,3,3S13.657,15,12,15z M16.804,6.116c-0.596,0-1.08,0.484-1.08,1.08 s0.484,1.08,1.08,1.08c0.596,0,1.08-0.484,1.08-1.08S17.401,6.116,16.804,6.116z\"><\/path><\/svg><span class=\"wp-block-social-link-label screen-reader-text\">Instagram<\/span><\/a><\/li><\/ul>\n\n\n\n<h2 class=\"wp-block-heading\">Unsere Signature Cocktails<\/h2>\n\n\n\n<p>An der Theke von La Java Pop erz\u00e4hlt jedes Glas eine Geschichte.<\/p>\n\n\n\n<p><strong>Der Hauspunsch<\/strong> - Unser Spitzenprodukt. Nach allen Regeln der Kunst zubereitet, ist er der ideale Begleiter f\u00fcr einen entspannten Abend mit Freunden.<\/p>\n\n\n\n<div class=\"wp-block-columns are-vertically-aligned-center is-layout-flex wp-container-core-columns-is-layout-28f84493 wp-block-columns-is-layout-flex\">\n<div class=\"wp-block-column is-vertically-aligned-center is-layout-flow wp-block-column-is-layout-flow\">\n<figure class=\"wp-block-image size-full\"><img loading=\"lazy\" decoding=\"async\" width=\"957\" height=\"957\" src=\"https:\/\/java-pop.fr\/wp-content\/uploads\/2026\/04\/Java-Squal.webp\" alt=\"\" class=\"wp-image-71\" srcset=\"https:\/\/java-pop.fr\/wp-content\/uploads\/2026\/04\/Java-Squal.webp 957w, https:\/\/java-pop.fr\/wp-content\/uploads\/2026\/04\/Java-Squal-300x300.webp 300w, https:\/\/java-pop.fr\/wp-content\/uploads\/2026\/04\/Java-Squal-150x150.webp 150w, https:\/\/java-pop.fr\/wp-content\/uploads\/2026\/04\/Java-Squal-768x768.webp 768w, https:\/\/java-pop.fr\/wp-content\/uploads\/2026\/04\/Java-Squal-12x12.webp 12w\" sizes=\"auto, (max-width: 957px) 100vw, 957px\" \/><\/figure>\n<\/div>\n\n\n\n<div class=\"wp-block-column is-vertically-aligned-center is-layout-flow wp-block-column-is-layout-flow\">\n<p><strong>The Squall<\/strong> - Ein im wahrsten Sinne des Wortes feuriger Cocktail. Der Squall ist ein spektakul\u00e4rer und kraftvoller Cocktail, der Ihre Partys und Ihre Geschmacksnerven gleicherma\u00dfen entz\u00fcndet. Mindestens einmal probieren.<\/p>\n<\/div>\n<\/div>\n\n\n\n<p>Und nat\u00fcrlich eine kreative Cocktailkarte, die so gestaltet ist, dass sie jeden Moment Ihrer Party begleitet.<\/p>\n\n\n\n<div class=\"wp-block-buttons is-layout-flex wp-block-buttons-is-layout-flex\">\n<div class=\"wp-block-button\"><a class=\"wp-block-button__link wp-element-button\" href=\"\/de\/karte\/\">Siehe Karte<\/a><\/div>\n<\/div>\n\n\n\n<h2 class=\"wp-block-heading\">Ein au\u00dfergew\u00f6hnlicher Klang<\/h2>\n\n\n\n<p>Was einem beim Betreten von La Java Pop auff\u00e4llt, ist der Sound. Eine professionelle Beschallung, eine sorgf\u00e4ltige Musikauswahl und vor allem ein <strong>akustische Behandlung<\/strong> f\u00fcr Ihren Komfort gedacht: Hier klingt die Musik gut und Sie k\u00f6nnen sich unterhalten, ohne zu br\u00fcllen.<\/p>\n\n\n\n<p>Eine Musikbar, in der man sich selbst reden h\u00f6rt - das ist selten und bei uns zu Hause.<\/p>\n\n\n\n<h2 class=\"wp-block-heading\">Paco - Die Seele des Ortes<\/h2>\n\n\n\n<div class=\"wp-block-columns are-vertically-aligned-center is-layout-flex wp-container-core-columns-is-layout-28f84493 wp-block-columns-is-layout-flex\">\n<div class=\"wp-block-column is-vertically-aligned-center is-layout-flow wp-block-column-is-layout-flow\" style=\"flex-basis:50%\">\n<figure class=\"wp-block-image size-large has-custom-border\"><img loading=\"lazy\" decoding=\"async\" width=\"768\" height=\"1024\" src=\"https:\/\/java-pop.fr\/wp-content\/uploads\/2026\/04\/Paco-Java-Pop-768x1024.jpg\" alt=\"\" class=\"wp-image-65\" style=\"border-top-left-radius:16px;border-top-right-radius:16px;border-bottom-left-radius:16px;border-bottom-right-radius:16px\" srcset=\"https:\/\/java-pop.fr\/wp-content\/uploads\/2026\/04\/Paco-Java-Pop-768x1024.jpg 768w, https:\/\/java-pop.fr\/wp-content\/uploads\/2026\/04\/Paco-Java-Pop-225x300.jpg 225w, https:\/\/java-pop.fr\/wp-content\/uploads\/2026\/04\/Paco-Java-Pop-1152x1536.jpg 1152w, https:\/\/java-pop.fr\/wp-content\/uploads\/2026\/04\/Paco-Java-Pop-1536x2048.jpg 1536w, https:\/\/java-pop.fr\/wp-content\/uploads\/2026\/04\/Paco-Java-Pop-9x12.jpg 9w, https:\/\/java-pop.fr\/wp-content\/uploads\/2026\/04\/Paco-Java-Pop-scaled.jpg 1920w\" sizes=\"auto, (max-width: 768px) 100vw, 768px\" \/><\/figure>\n<\/div>\n\n\n\n<div class=\"wp-block-column is-vertically-aligned-center is-layout-flow wp-block-column-is-layout-flow\" style=\"flex-basis:50%\">\n<p>Hinter La Java Pop steht Paco. Musiker, S\u00e4nger, Saxophonist im Nebenberuf und vor allem ein leidenschaftlicher Anh\u00e4nger von Musik und Kultur in all ihren Formen.<\/p>\n\n\n\n<p>Sein Ziel: Orl\u00e9ans zum Strahlen zu bringen, indem er den Orl\u00e9ansern einen einzigartigen Ort bietet, eine Klammer f\u00fcr die Sinne, in die man sowohl wegen der Cocktails als auch wegen der Atmosph\u00e4re kommt. Wundern Sie sich nicht, wenn er eines Abends selbst die B\u00fchne betritt.<\/p>\n<\/div>\n<\/div>\n\n\n\n<h2 class=\"wp-block-heading\">Standort \/ Zugang<\/h2>\n\n\n\n<p><strong>45 Rue de la Charpenterie, 45000 Orl\u00e9ans<\/strong><\/p>\n\n\n\n<p>Mitten im Hyperzentrum von Orl\u00e9ans, im historischen Viertel, direkt neben dem Path\u00e9-Kino und nur wenige Schritte vom Place de la Loire entfernt. Ob Sie zu Fu\u00df, mit der Stra\u00dfenbahn oder dem Fahrrad kommen, La Java Pop ist leicht zu erreichen.<\/p>\n\n\n\n<hr class=\"wp-block-separator has-alpha-channel-opacity\"\/>\n\n\n\n<p>Lust auf einen Drink, eine Jam-Session oder einfach einen sch\u00f6nen Abend in Orl\u00e9ans? Dann \u00f6ffnet die T\u00fcr von La Java Pop!<\/p>","protected":false},"excerpt":{"rendered":"<p>Bienvenue \u00e0 La Java Pop, votre bar musical au c\u0153ur d&rsquo;Orl\u00e9ans. Nich\u00e9 au 45 rue de la Charpenterie, dans le centre ancien, La Java Pop est bien plus qu&rsquo;un simple bar \u00e0 cocktails : c&rsquo;est un lieu vivant o\u00f9 la musique, l&rsquo;humour et la convivialit\u00e9 se retrouvent chaque semaine. Ambiance cosy, acoustique travaill\u00e9e, cocktails faits [&hellip;]<\/p>\n","protected":false},"author":1,"featured_media":20,"parent":0,"menu_order":0,"comment_status":"closed","ping_status":"closed","template":"page-no-title","meta":{"footnotes":""},"class_list":["post-35","page","type-page","status-publish","has-post-thumbnail","hentry"],"_links":{"self":[{"href":"https:\/\/java-pop.fr\/de\/wp-json\/wp\/v2\/pages\/35","targetHints":{"allow":["GET"]}}],"collection":[{"href":"https:\/\/java-pop.fr\/de\/wp-json\/wp\/v2\/pages"}],"about":[{"href":"https:\/\/java-pop.fr\/de\/wp-json\/wp\/v2\/types\/page"}],"author":[{"embeddable":true,"href":"https:\/\/java-pop.fr\/de\/wp-json\/wp\/v2\/users\/1"}],"replies":[{"embeddable":true,"href":"https:\/\/java-pop.fr\/de\/wp-json\/wp\/v2\/comments?post=35"}],"version-history":[{"count":12,"href":"https:\/\/java-pop.fr\/de\/wp-json\/wp\/v2\/pages\/35\/revisions"}],"predecessor-version":[{"id":92,"href":"https:\/\/java-pop.fr\/de\/wp-json\/wp\/v2\/pages\/35\/revisions\/92"}],"wp:featuredmedia":[{"embeddable":true,"href":"https:\/\/java-pop.fr\/de\/wp-json\/wp\/v2\/media\/20"}],"wp:attachment":[{"href":"https:\/\/java-pop.fr\/de\/wp-json\/wp\/v2\/media?parent=35"}],"curies":[{"name":"wp","href":"https:\/\/api.w.org\/{rel}","templated":true}]}}