{"id":3,"date":"2026-03-09T16:05:29","date_gmt":"2026-03-09T16:05:29","guid":{"rendered":"https:\/\/java-pop.fr\/?page_id=3"},"modified":"2026-04-05T15:42:53","modified_gmt":"2026-04-05T15:42:53","slug":"aviso-legal","status":"publish","type":"page","link":"https:\/\/java-pop.fr\/es\/mentions-legales\/","title":{"rendered":"Informaci\u00f3n jur\u00eddica"},"content":{"rendered":"<p>De conformidad con lo dispuesto en la ley n\u00b0 2004-575 del 21 de junio de 2004 para la confianza en la econom\u00eda digital (LCEN), se informa a los usuarios del sitio <strong>java-pop.fr<\/strong> la siguiente informaci\u00f3n.<\/p>\n\n\n\n<h3 class=\"wp-block-heading\">Editor del sitio<\/h3>\n\n\n\n<p><strong>MI FAMILIA<\/strong> \u2013 Sociedad de responsabilidad limitada (SARL) con un capital de 3.000 \u20ac<br>Sede central: 45 rue de la Charpenterie, 45000 Orl\u00e9ans<br>RCS Orl\u00e9ans 522 978 089 \u2013 C\u00f3digo NAF: 5630Z<br>Ense\u00f1a: <strong>Java Pop<\/strong><br>Gerente: Pascal ROUSSEAU<\/p>\n\n\n\n<h3 class=\"wp-block-heading\">Director de publicaci\u00f3n<\/h3>\n\n\n\n<p>Pascal ROUSSEAU, en calidad de gerente de la sociedad MY FAMILY.<\/p>\n\n\n\n<h3 class=\"wp-block-heading\">Alojamiento<\/h3>\n\n\n\n<p>Robin LABADIE \u2013 LRob \u2013 Empresa individual<br>1, rue Pierre Chevaldonn\u00e9, 45000 Orl\u00e9ans<br>SIRENA: 528 479 736 \u2013 RCS Orl\u00e9ans<br>Tel\u00e9fono: 02 21 82 78 27<br>Sitio web: <a href=\"https:\/\/www.lrob.fr\/\">www.lrob.fr<\/a><br>Correo electr\u00f3nico: abuse@lrob.net<\/p>\n\n\n\n<h3 class=\"wp-block-heading\">Propiedad intelectual<\/h3>\n\n\n\n<p>El conjunto de contenidos presentes en el sitio java-pop.fr (textos, im\u00e1genes, logotipos, v\u00eddeos, elementos gr\u00e1ficos y sonoros) est\u00e1 protegido por derechos de autor y derechos de marca. Cualquier reproducci\u00f3n, representaci\u00f3n o difusi\u00f3n, en su totalidad o en parte, sin la autorizaci\u00f3n escrita previa de la empresa MY FAMILY est\u00e1 prohibida y constituir\u00eda una falsificaci\u00f3n sancionada por los art\u00edculos L.335-2 y siguientes del C\u00f3digo de la Propiedad Intelectual.<\/p>\n\n\n\n<h3 class=\"wp-block-heading\">Formulario de contacto y datos personales<\/h3>\n\n\n\n<p>El sitio java-pop.fr puede proponer un formulario de contacto que permite a los visitantes enviar un mensaje al establecimiento. Los datos introducidos (nombre, direcci\u00f3n de correo electr\u00f3nico, mensaje) se recopilan con el \u00fanico fin de tramitar la solicitud y no se ceden ni transmiten a terceros. Se conservan durante el tiempo necesario para tramitar la solicitud y, a continuaci\u00f3n, se eliminan.<\/p>\n\n\n\n<p>De conformidad con el Reglamento General de Protecci\u00f3n de Datos (RGPD \u2013 UE 2016\/679) y la ley de Inform\u00e1tica y Libertades del 6 de enero de 1978 modificada, usted dispone de un derecho de acceso, rectificaci\u00f3n, supresi\u00f3n y oposici\u00f3n respecto a sus datos personales. Para ejercer estos derechos, puede contactarnos a trav\u00e9s del formulario de contacto del sitio o por correo a la direcci\u00f3n de la sede social.<\/p>\n\n\n\n<h3 class=\"wp-block-heading\">Galletas<\/h3>\n\n\n\n<p>Es probable que el sitio java-pop.fr utilice cookies para medir la audiencia o para el buen funcionamiento del sitio. Puede configurar su navegador en cualquier momento para rechazar o eliminar las cookies.<\/p>\n\n\n\n<h3 class=\"wp-block-heading\">Alcohol \u2013 Advertencia<\/h3>\n\n\n\n<p>La Java Pop es un establecimiento de bebidas con licencia IV. De conformidad con las disposiciones del C\u00f3digo de Salud P\u00fablica:<\/p>\n\n\n\n<p><strong>El abuso de alcohol es peligroso para la salud. Consumir con moderaci\u00f3n.<\/strong><\/p>\n\n\n\n<p>La venta de alcohol est\u00e1 prohibida a los menores de 18 a\u00f1os (art\u00edculo L.3342-1 del C\u00f3digo de Salud P\u00fablica). Se implementar\u00e1 un sistema de verificaci\u00f3n de edad desde el acceso al sitio.<\/p>\n\n\n\n<h3 class=\"wp-block-heading\">Limitaci\u00f3n de responsabilidad<\/h3>\n\n\n\n<p>La empresa MY FAMILY se esfuerza por proporcionar en el sitio java-pop.fr informaci\u00f3n lo m\u00e1s precisa posible. Sin embargo, no se hace responsable de omisiones, inexactitudes o carencias en la actualizaci\u00f3n, ya sean por su culpa o por la de terceros. Toda la informaci\u00f3n proporcionada es a t\u00edtulo informativo y est\u00e1 sujeta a cambios.<\/p>\n\n\n\n<h3 class=\"wp-block-heading\">Enlaces de hipertexto<\/h3>\n\n\n\n<p>El sitio java-pop.fr puede contener enlaces a otros sitios. La empresa MY FAMILY no ejerce ning\u00fan control sobre el contenido de estos sitios de terceros y declina toda responsabilidad sobre su contenido.<\/p>\n\n\n\n<h3 class=\"wp-block-heading\">Derecho aplicable<\/h3>\n\n\n\n<p>Las presentes menciones legales se rigen por el derecho franc\u00e9s. En caso de litigio, y a falta de resoluci\u00f3n amistosa, los tribunales competentes de Orleans ser\u00e1n los \u00fanicos competentes.<\/p>","protected":false},"excerpt":{"rendered":"<p>Conform\u00e9ment aux dispositions de la loi n\u00b0 2004-575 du 21 juin 2004 pour la confiance dans l&rsquo;\u00e9conomie num\u00e9rique (LCEN), il est port\u00e9 \u00e0 la connaissance des utilisateurs du site java-pop.fr les informations suivantes. \u00c9diteur du site MY FAMILY \u2013 Soci\u00e9t\u00e9 \u00e0 responsabilit\u00e9 limit\u00e9e (SARL) au capital de 3&nbsp;000&nbsp;\u20acSi\u00e8ge social&nbsp;: 45 rue de la Charpenterie, 45000 [&hellip;]<\/p>\n","protected":false},"author":1,"featured_media":0,"parent":0,"menu_order":0,"comment_status":"closed","ping_status":"closed","template":"","meta":{"footnotes":""},"class_list":["post-3","page","type-page","status-publish","hentry"],"_links":{"self":[{"href":"https:\/\/java-pop.fr\/es\/wp-json\/wp\/v2\/pages\/3","targetHints":{"allow":["GET"]}}],"collection":[{"href":"https:\/\/java-pop.fr\/es\/wp-json\/wp\/v2\/pages"}],"about":[{"href":"https:\/\/java-pop.fr\/es\/wp-json\/wp\/v2\/types\/page"}],"author":[{"embeddable":true,"href":"https:\/\/java-pop.fr\/es\/wp-json\/wp\/v2\/users\/1"}],"replies":[{"embeddable":true,"href":"https:\/\/java-pop.fr\/es\/wp-json\/wp\/v2\/comments?post=3"}],"version-history":[{"count":1,"href":"https:\/\/java-pop.fr\/es\/wp-json\/wp\/v2\/pages\/3\/revisions"}],"predecessor-version":[{"id":63,"href":"https:\/\/java-pop.fr\/es\/wp-json\/wp\/v2\/pages\/3\/revisions\/63"}],"wp:attachment":[{"href":"https:\/\/java-pop.fr\/es\/wp-json\/wp\/v2\/media?parent=3"}],"curies":[{"name":"wp","href":"https:\/\/api.w.org\/{rel}","templated":true}]}}