{"id":35,"date":"2026-03-29T16:50:47","date_gmt":"2026-03-29T16:50:47","guid":{"rendered":"https:\/\/java-pop.fr\/?page_id=35"},"modified":"2026-04-26T21:06:23","modified_gmt":"2026-04-26T21:06:23","slug":"la-java-pop-bar-musical-orleans-cocktails-jam-sessions-comedy-club","status":"publish","type":"page","link":"https:\/\/java-pop.fr\/es\/","title":{"rendered":"La Java Pop | Bar Musical Orl\u00e9ans - C\u00f3cteles, Jam Sessions y Club de la Comedia"},"content":{"rendered":"<div class=\"wp-block-cover alignfull\"><img loading=\"lazy\" decoding=\"async\" width=\"1536\" height=\"1024\" class=\"wp-block-cover__image-background wp-image-28 size-full\" alt=\"\" src=\"https:\/\/java-pop.fr\/wp-content\/uploads\/2026\/03\/java-pop-terrasse-nuit-pluie.jpg\" data-object-fit=\"cover\" srcset=\"https:\/\/java-pop.fr\/wp-content\/uploads\/2026\/03\/java-pop-terrasse-nuit-pluie.jpg 1536w, https:\/\/java-pop.fr\/wp-content\/uploads\/2026\/03\/java-pop-terrasse-nuit-pluie-300x200.jpg 300w, https:\/\/java-pop.fr\/wp-content\/uploads\/2026\/03\/java-pop-terrasse-nuit-pluie-1024x683.jpg 1024w, https:\/\/java-pop.fr\/wp-content\/uploads\/2026\/03\/java-pop-terrasse-nuit-pluie-768x512.jpg 768w\" sizes=\"auto, (max-width: 1536px) 100vw, 1536px\" \/><span aria-hidden=\"true\" class=\"wp-block-cover__background has-background-dim-100 has-background-dim wp-block-cover__gradient-background has-background-gradient\" style=\"background:linear-gradient(180deg,rgb(0,0,0) 0%,rgba(255,255,255,0) 40%,rgb(0,0,0) 97%)\"><\/span><div class=\"wp-block-cover__inner-container has-global-padding is-layout-constrained wp-block-cover-is-layout-constrained\"><h1 class=\"wp-block-post-title\">La Java Pop | Bar Musical Orl\u00e9ans - C\u00f3cteles, Jam Sessions y Club de la Comedia<\/h1>\n\n\n<p>C\u00f3cteles de autor, jam sessions en directo y un ambiente \u00edntimo en pleno centro hist\u00f3rico de Orleans.<\/p>\n<\/div><\/div>\n\n\n\n<p>Bienvenido a La Java Pop, tu bar musical en el coraz\u00f3n de Orleans. Situado en el n\u00famero 45 de la rue de la Charpenterie, en el centro hist\u00f3rico de la ciudad, La Java Pop es mucho m\u00e1s que un bar de c\u00f3cteles: es un lugar animado donde la m\u00fasica, el humor y la convivencia se dan cita cada semana.<\/p>\n\n\n\n<p>Ambiente acogedor, buena ac\u00fastica, c\u00f3cteles caseros... aqu\u00ed se viene por la experiencia. Tanto si buscas una copa \u00edntima con amigos como una animada jam session, La Java Pop es el lugar ideal.<\/p>\n\n\n\n<h2 class=\"wp-block-heading\">La Java Jam - Domingos por la noche<\/h2>\n\n\n\n<p>Casi todos los domingos, La Java Pop se anima con el <strong>Mermelada Java<\/strong> Una sesi\u00f3n abierta en la que m\u00fasicos aficionados, profesionales y entusiastas pueden encontrarse, intercambiar ideas e improvisar juntos en el escenario.<\/p>\n\n\n\n<figure class=\"wp-block-image size-large has-custom-border is-style-default\"><img loading=\"lazy\" decoding=\"async\" width=\"1024\" height=\"768\" src=\"https:\/\/java-pop.fr\/wp-content\/uploads\/2026\/04\/Jam-Java-Pop-1024x768.jpg\" alt=\"\" class=\"wp-image-66\" style=\"border-top-left-radius:16px;border-top-right-radius:16px;border-bottom-left-radius:16px;border-bottom-right-radius:16px;aspect-ratio:16\/9;object-fit:cover\" srcset=\"https:\/\/java-pop.fr\/wp-content\/uploads\/2026\/04\/Jam-Java-Pop-1024x768.jpg 1024w, https:\/\/java-pop.fr\/wp-content\/uploads\/2026\/04\/Jam-Java-Pop-300x225.jpg 300w, https:\/\/java-pop.fr\/wp-content\/uploads\/2026\/04\/Jam-Java-Pop-768x576.jpg 768w, https:\/\/java-pop.fr\/wp-content\/uploads\/2026\/04\/Jam-Java-Pop-1536x1152.jpg 1536w, https:\/\/java-pop.fr\/wp-content\/uploads\/2026\/04\/Jam-Java-Pop-2048x1536.jpg 2048w, https:\/\/java-pop.fr\/wp-content\/uploads\/2026\/04\/Jam-Java-Pop-16x12.jpg 16w\" sizes=\"auto, (max-width: 1024px) 100vw, 1024px\" \/><\/figure>\n\n\n\n<p>Sin setlist, sin barreras: s\u00f3lo el placer de tocar y compartir. Java Jam es el alma de La Java Pop. Ven a escuchar, ven a tocar, ven a vibrar.<\/p>\n\n\n\n<h2 class=\"wp-block-heading\">Club de comedia y eventos<\/h2>\n\n\n\n<p>La energ\u00eda de La Java Pop no se detiene en la m\u00fasica. El bar acoge regularmente su <strong>Club de la comedia<\/strong> veladas de comedia improvisada en las que la risa es el rey.<\/p>\n\n\n\n<p>Entre jam sessions, Club de la Comedia y noches tem\u00e1ticas, siempre hay algo que hacer en La Java Pop. S\u00edguenos en la web para no perderte nada.<\/p>\n\n\n\n<ul class=\"wp-block-social-links has-large-icon-size is-content-justification-center is-layout-flex wp-container-core-social-links-is-layout-a89b3969 wp-block-social-links-is-layout-flex\"><li class=\"wp-social-link wp-social-link-facebook  wp-block-social-link\"><a href=\"https:\/\/www.facebook.com\/p\/La-Java-Pop-100063662165255\/\" class=\"wp-block-social-link-anchor\"><svg width=\"24\" height=\"24\" viewbox=\"0 0 24 24\" version=\"1.1\" xmlns=\"http:\/\/www.w3.org\/2000\/svg\" aria-hidden=\"true\" focusable=\"false\"><path d=\"M12 2C6.5 2 2 6.5 2 12c0 5 3.7 9.1 8.4 9.9v-7H7.9V12h2.5V9.8c0-2.5 1.5-3.9 3.8-3.9 1.1 0 2.2.2 2.2.2v2.5h-1.3c-1.2 0-1.6.8-1.6 1.6V12h2.8l-.4 2.9h-2.3v7C18.3 21.1 22 17 22 12c0-5.5-4.5-10-10-10z\"><\/path><\/svg><span class=\"wp-block-social-link-label screen-reader-text\">Facebook<\/span><\/a><\/li>\n\n<li class=\"wp-social-link wp-social-link-instagram  wp-block-social-link\"><a href=\"https:\/\/www.instagram.com\/java_pop_orleans\/\" class=\"wp-block-social-link-anchor\"><svg width=\"24\" height=\"24\" viewbox=\"0 0 24 24\" version=\"1.1\" xmlns=\"http:\/\/www.w3.org\/2000\/svg\" aria-hidden=\"true\" focusable=\"false\"><path d=\"M12,4.622c2.403,0,2.688,0.009,3.637,0.052c0.877,0.04,1.354,0.187,1.671,0.31c0.42,0.163,0.72,0.358,1.035,0.673 c0.315,0.315,0.51,0.615,0.673,1.035c0.123,0.317,0.27,0.794,0.31,1.671c0.043,0.949,0.052,1.234,0.052,3.637 s-0.009,2.688-0.052,3.637c-0.04,0.877-0.187,1.354-0.31,1.671c-0.163,0.42-0.358,0.72-0.673,1.035 c-0.315,0.315-0.615,0.51-1.035,0.673c-0.317,0.123-0.794,0.27-1.671,0.31c-0.949,0.043-1.233,0.052-3.637,0.052 s-2.688-0.009-3.637-0.052c-0.877-0.04-1.354-0.187-1.671-0.31c-0.42-0.163-0.72-0.358-1.035-0.673 c-0.315-0.315-0.51-0.615-0.673-1.035c-0.123-0.317-0.27-0.794-0.31-1.671C4.631,14.688,4.622,14.403,4.622,12 s0.009-2.688,0.052-3.637c0.04-0.877,0.187-1.354,0.31-1.671c0.163-0.42,0.358-0.72,0.673-1.035 c0.315-0.315,0.615-0.51,1.035-0.673c0.317-0.123,0.794-0.27,1.671-0.31C9.312,4.631,9.597,4.622,12,4.622 M12,3 C9.556,3,9.249,3.01,8.289,3.054C7.331,3.098,6.677,3.25,6.105,3.472C5.513,3.702,5.011,4.01,4.511,4.511 c-0.5,0.5-0.808,1.002-1.038,1.594C3.25,6.677,3.098,7.331,3.054,8.289C3.01,9.249,3,9.556,3,12c0,2.444,0.01,2.751,0.054,3.711 c0.044,0.958,0.196,1.612,0.418,2.185c0.23,0.592,0.538,1.094,1.038,1.594c0.5,0.5,1.002,0.808,1.594,1.038 c0.572,0.222,1.227,0.375,2.185,0.418C9.249,20.99,9.556,21,12,21s2.751-0.01,3.711-0.054c0.958-0.044,1.612-0.196,2.185-0.418 c0.592-0.23,1.094-0.538,1.594-1.038c0.5-0.5,0.808-1.002,1.038-1.594c0.222-0.572,0.375-1.227,0.418-2.185 C20.99,14.751,21,14.444,21,12s-0.01-2.751-0.054-3.711c-0.044-0.958-0.196-1.612-0.418-2.185c-0.23-0.592-0.538-1.094-1.038-1.594 c-0.5-0.5-1.002-0.808-1.594-1.038c-0.572-0.222-1.227-0.375-2.185-0.418C14.751,3.01,14.444,3,12,3L12,3z M12,7.378 c-2.552,0-4.622,2.069-4.622,4.622S9.448,16.622,12,16.622s4.622-2.069,4.622-4.622S14.552,7.378,12,7.378z M12,15 c-1.657,0-3-1.343-3-3s1.343-3,3-3s3,1.343,3,3S13.657,15,12,15z M16.804,6.116c-0.596,0-1.08,0.484-1.08,1.08 s0.484,1.08,1.08,1.08c0.596,0,1.08-0.484,1.08-1.08S17.401,6.116,16.804,6.116z\"><\/path><\/svg><span class=\"wp-block-social-link-label screen-reader-text\">Instagram<\/span><\/a><\/li><\/ul>\n\n\n\n<h2 class=\"wp-block-heading\">Nuestros c\u00f3cteles de autor<\/h2>\n\n\n\n<p>En el bar La Java Pop, cada vaso cuenta una historia.<\/p>\n\n\n\n<p><strong>Le Punch Maison<\/strong> - Nuestro producto estrella. Preparado seg\u00fan las reglas del arte, es el compa\u00f1ero ideal para una velada relajada con amigos.<\/p>\n\n\n\n<div class=\"wp-block-columns are-vertically-aligned-center is-layout-flex wp-container-core-columns-is-layout-28f84493 wp-block-columns-is-layout-flex\">\n<div class=\"wp-block-column is-vertically-aligned-center is-layout-flow wp-block-column-is-layout-flow\">\n<figure class=\"wp-block-image size-full\"><img loading=\"lazy\" decoding=\"async\" width=\"957\" height=\"957\" src=\"https:\/\/java-pop.fr\/wp-content\/uploads\/2026\/04\/Java-Squal.webp\" alt=\"\" class=\"wp-image-71\" srcset=\"https:\/\/java-pop.fr\/wp-content\/uploads\/2026\/04\/Java-Squal.webp 957w, https:\/\/java-pop.fr\/wp-content\/uploads\/2026\/04\/Java-Squal-300x300.webp 300w, https:\/\/java-pop.fr\/wp-content\/uploads\/2026\/04\/Java-Squal-150x150.webp 150w, https:\/\/java-pop.fr\/wp-content\/uploads\/2026\/04\/Java-Squal-768x768.webp 768w, https:\/\/java-pop.fr\/wp-content\/uploads\/2026\/04\/Java-Squal-12x12.webp 12w\" sizes=\"auto, (max-width: 957px) 100vw, 957px\" \/><\/figure>\n<\/div>\n\n\n\n<div class=\"wp-block-column is-vertically-aligned-center is-layout-flow wp-block-column-is-layout-flow\">\n<p><strong>Le Squall<\/strong> - Un c\u00f3ctel ardiente, literalmente. Espectacular y potente, el Squall encender\u00e1 sus veladas tanto como sus papilas gustativas. Desc\u00fabralo al menos una vez.<\/p>\n<\/div>\n<\/div>\n\n\n\n<p>Y, por supuesto, una carta de c\u00f3cteles creativos, dise\u00f1ados para complementar cada momento de su velada.<\/p>\n\n\n\n<div class=\"wp-block-buttons is-layout-flex wp-block-buttons-is-layout-flex\">\n<div class=\"wp-block-button\"><a class=\"wp-block-button__link wp-element-button\" href=\"\/es\/tarjeta\/\">Ver el mapa<\/a><\/div>\n<\/div>\n\n\n\n<h2 class=\"wp-block-heading\">Sonido excepcional<\/h2>\n\n\n\n<p>Lo primero que se percibe al entrar en La Java Pop es el sonido. Un equipo de sonido profesional, una cuidada selecci\u00f3n musical y sobre todo un <strong>tratamiento ac\u00fastico<\/strong> Concebido para su comodidad: aqu\u00ed la m\u00fasica suena bien y se puede hablar sin gritar.<\/p>\n\n\n\n<p>Un bar musical en el que puedes o\u00edrte hablar: eso es raro, y ah\u00ed es donde vivimos.<\/p>\n\n\n\n<h2 class=\"wp-block-heading\">Paco - El alma del lugar<\/h2>\n\n\n\n<div class=\"wp-block-columns are-vertically-aligned-center is-layout-flex wp-container-core-columns-is-layout-28f84493 wp-block-columns-is-layout-flex\">\n<div class=\"wp-block-column is-vertically-aligned-center is-layout-flow wp-block-column-is-layout-flow\" style=\"flex-basis:50%\">\n<figure class=\"wp-block-image size-large has-custom-border\"><img loading=\"lazy\" decoding=\"async\" width=\"768\" height=\"1024\" src=\"https:\/\/java-pop.fr\/wp-content\/uploads\/2026\/04\/Paco-Java-Pop-768x1024.jpg\" alt=\"\" class=\"wp-image-65\" style=\"border-top-left-radius:16px;border-top-right-radius:16px;border-bottom-left-radius:16px;border-bottom-right-radius:16px\" srcset=\"https:\/\/java-pop.fr\/wp-content\/uploads\/2026\/04\/Paco-Java-Pop-768x1024.jpg 768w, https:\/\/java-pop.fr\/wp-content\/uploads\/2026\/04\/Paco-Java-Pop-225x300.jpg 225w, https:\/\/java-pop.fr\/wp-content\/uploads\/2026\/04\/Paco-Java-Pop-1152x1536.jpg 1152w, https:\/\/java-pop.fr\/wp-content\/uploads\/2026\/04\/Paco-Java-Pop-1536x2048.jpg 1536w, https:\/\/java-pop.fr\/wp-content\/uploads\/2026\/04\/Paco-Java-Pop-9x12.jpg 9w, https:\/\/java-pop.fr\/wp-content\/uploads\/2026\/04\/Paco-Java-Pop-scaled.jpg 1920w\" sizes=\"auto, (max-width: 768px) 100vw, 768px\" \/><\/figure>\n<\/div>\n\n\n\n<div class=\"wp-block-column is-vertically-aligned-center is-layout-flow wp-block-column-is-layout-flow\" style=\"flex-basis:50%\">\n<p>Detr\u00e1s de La Java Pop est\u00e1 Paco. M\u00fasico, cantante, saxofonista en sus ratos libres, y sobre todo apasionado de la m\u00fasica y la cultura en todas sus formas.<\/p>\n\n\n\n<p>Su ambici\u00f3n es dar a conocer Orleans ofreciendo a sus habitantes un lugar \u00fanico, un par\u00e9ntesis sensorial al que se acude tanto por los c\u00f3cteles como por el ambiente. No se sorprenda si una noche se sube al escenario.<\/p>\n<\/div>\n<\/div>\n\n\n\n<h2 class=\"wp-block-heading\">Localizaci\u00f3n \/ Acceso<\/h2>\n\n\n\n<p><strong>45 Rue de la Charpenterie, 45000 Orleans<\/strong><\/p>\n\n\n\n<p>En pleno centro de Orleans, en el barrio hist\u00f3rico, justo al lado del cine Path\u00e9 y a dos pasos de la plaza del Loira. Tanto si viene a pie, en tranv\u00eda o en bicicleta, La Java Pop es de f\u00e1cil acceso.<\/p>\n\n\n\n<hr class=\"wp-block-separator has-alpha-channel-opacity\"\/>\n\n\n\n<p>\u00bfTe apetece un ponche, una jam session o simplemente pasar una buena noche en Orleans? \u00a1Ven a vernos a La Java Pop!<\/p>","protected":false},"excerpt":{"rendered":"<p>Bienvenue \u00e0 La Java Pop, votre bar musical au c\u0153ur d&rsquo;Orl\u00e9ans. Nich\u00e9 au 45 rue de la Charpenterie, dans le centre ancien, La Java Pop est bien plus qu&rsquo;un simple bar \u00e0 cocktails : c&rsquo;est un lieu vivant o\u00f9 la musique, l&rsquo;humour et la convivialit\u00e9 se retrouvent chaque semaine. Ambiance cosy, acoustique travaill\u00e9e, cocktails faits [&hellip;]<\/p>\n","protected":false},"author":1,"featured_media":20,"parent":0,"menu_order":0,"comment_status":"closed","ping_status":"closed","template":"page-no-title","meta":{"footnotes":""},"class_list":["post-35","page","type-page","status-publish","has-post-thumbnail","hentry"],"_links":{"self":[{"href":"https:\/\/java-pop.fr\/es\/wp-json\/wp\/v2\/pages\/35","targetHints":{"allow":["GET"]}}],"collection":[{"href":"https:\/\/java-pop.fr\/es\/wp-json\/wp\/v2\/pages"}],"about":[{"href":"https:\/\/java-pop.fr\/es\/wp-json\/wp\/v2\/types\/page"}],"author":[{"embeddable":true,"href":"https:\/\/java-pop.fr\/es\/wp-json\/wp\/v2\/users\/1"}],"replies":[{"embeddable":true,"href":"https:\/\/java-pop.fr\/es\/wp-json\/wp\/v2\/comments?post=35"}],"version-history":[{"count":12,"href":"https:\/\/java-pop.fr\/es\/wp-json\/wp\/v2\/pages\/35\/revisions"}],"predecessor-version":[{"id":92,"href":"https:\/\/java-pop.fr\/es\/wp-json\/wp\/v2\/pages\/35\/revisions\/92"}],"wp:featuredmedia":[{"embeddable":true,"href":"https:\/\/java-pop.fr\/es\/wp-json\/wp\/v2\/media\/20"}],"wp:attachment":[{"href":"https:\/\/java-pop.fr\/es\/wp-json\/wp\/v2\/media?parent=35"}],"curies":[{"name":"wp","href":"https:\/\/api.w.org\/{rel}","templated":true}]}}