{"id":3,"date":"2026-03-09T16:05:29","date_gmt":"2026-03-09T16:05:29","guid":{"rendered":"https:\/\/java-pop.fr\/?page_id=3"},"modified":"2026-04-05T15:42:53","modified_gmt":"2026-04-05T15:42:53","slug":"%e0%bb%81%e0%ba%88%e0%bb%89%e0%ba%87%e0%ba%81%e0%ba%b2%e0%ba%99%e0%ba%97%e0%ba%b2%e0%ba%87%e0%ba%81%e0%ba%bb%e0%ba%94%e0%bb%9d%e0%ba%b2%e0%ba%8d","status":"publish","type":"page","link":"https:\/\/java-pop.fr\/lo\/mentions-legales\/","title":{"rendered":"\u0ec1\u0e88\u0ec9\u0e87\u0e81\u0eb2\u0e99\u0e97\u0eb2\u0e87\u0e81\u0ebb\u0e94\u0edd\u0eb2\u0e8d"},"content":{"rendered":"<p>\u0ead\u0eb5\u0e87\u0e95\u0eb2\u0ea1\u0e82\u0ecd\u0ec9\u0e81\u0eb3\u0e99\u0ebb\u0e94\u0e82\u0ead\u0e87\u0e81\u0ebb\u0e94\u0edd\u0eb2\u0e8d\u0eaa\u0eb0\u0e9a\u0eb1\u0e9a\u0ec0\u0ea5\u0e81\u0e97\u0eb5 2004-575 \u0ea5\u0ebb\u0e87\u0ea7\u0eb1\u0e99\u0e97\u0eb5 21 \u0ea1\u0eb4\u0e96\u0eb8\u0e99\u0eb2 2004 \u0e81\u0ec8\u0ebd\u0ea7\u0e81\u0eb1\u0e9a\u0e84\u0ea7\u0eb2\u0ea1\u0edd\u0eb1\u0ec9\u0e99\u0ec3\u0e88\u0ec3\u0e99\u0ec0\u0eaa\u0e94\u0e96\u0eb0\u0e81\u0eb4\u0e94\u0e94\u0eb4\u0e88\u0eb4\u0e95\u0ead\u0e99 (LCEN), \u0e9c\u0eb9\u0ec9\u0ec3\u0e8a\u0ec9\u0ec0\u0ea7\u0eb1\u0e9a\u0ec4\u0e8a\u0e97\u0ecc\u0ec4\u0e94\u0ec9\u0eae\u0eb1\u0e9a\u0ec1\u0e88\u0ec9\u0e87\u0ea1\u0eb2\u0e8d\u0eb1\u0e87\u0e97\u0ec8\u0eb2\u0e99 <strong>java-pop.fr<\/strong> \u0e82\u0ecd\u0ec9\u0ea1\u0eb9\u0e99\u0e95\u0ecd\u0ec8\u0ec4\u0e9b\u0e99\u0eb5\u0ec9.<\/p>\n\n\n\n<h3 class=\"wp-block-heading\">\u0e9c\u0eb9\u0ec9\u0ec0\u0e9c\u0eb5\u0e8d\u0ec1\u0e9c\u0ec8\u0ec0\u0ea7\u0eb1\u0e9a\u0ec4\u0e8a\u0e97\u0ecc<\/h3>\n\n\n\n<p><strong>\u0e84\u0ead\u0e9a\u0e84\u0ebb\u0ea7\u0e82\u0ead\u0e87\u0e82\u0ec9\u0ead\u0e8d<\/strong> \u2013 \u0e9a\u0ecd\u0ea5\u0eb4\u0eaa\u0eb1\u0e94\u0e88\u0eb3\u0e81\u0eb1\u0e94 (SARL) \u0e94\u0ec9\u0ea7\u0e8d\u0e97\u0eb6\u0e99 \u20ac3,000<br>\u0eab\u0ec9\u0ead\u0e87\u0e81\u0eb2\u0e99\u0e88\u0ebb\u0e94\u0e97\u0eb0\u0e9a\u0ebd\u0e99: 45 rue de la Charpenterie, 45000 Orl\u00e9ans<br>RCS Orl\u00e9ans 522 978 089 \u2013 \u0ea5\u0eb0\u0eab\u0eb1\u0e94 NAF: 5630Z<br>\u0eaa\u0ead\u0e99: <strong>\u0e88\u0eb2\u0ea7\u0eb2 \u0e9b\u0eb1\u0ead\u0e9a<\/strong><br>\u0e9c\u0eb9\u0ec9\u0e88\u0eb1\u0e94\u0e81\u0eb2\u0e99: Pascal ROUSSEAU<\/p>\n\n\n\n<h3 class=\"wp-block-heading\">\u0e9c\u0eb9\u0ec9\u0ead\u0eb3\u0e99\u0ea7\u0e8d\u0e81\u0eb2\u0e99\u0e9d\u0ec8\u0eb2\u0e8d\u0e88\u0eb1\u0e94\u0e9e\u0eb4\u0ea1<\/h3>\n\n\n\n<p>\u0e97\u0ec8\u0eb2\u0e99 Pascal ROUSSEAU, \u0ec3\u0e99\u0e95\u0eb3\u0ec1\u0edc\u0ec8\u0e87\u0e9c\u0eb9\u0ec9\u0e88\u0eb1\u0e94\u0e81\u0eb2\u0e99\u0e9a\u0ecd\u0ea5\u0eb4\u0eaa\u0eb1\u0e94 MY FAMILY.<\/p>\n\n\n\n<h3 class=\"wp-block-heading\">\u0e97\u0eb5\u0ec8\u0e9e\u0eb1\u0e81<\/h3>\n\n\n\n<p>Robin LABADIE \u2013 LRob \u2013 \u0ec0\u0e88\u0ebb\u0ec9\u0eb2\u0e82\u0ead\u0e87\u0e81\u0eb4\u0e94\u0e88\u0eb0\u0e81\u0eb2\u0e99\u0e94\u0ebd\u0ea7<br>1, rue Pierre Chevaldonn\u00e9, 45000 Orl\u00e9ans<br>SIREN: 528 479 736 \u2013 RCS Orl\u00e9ans<br>\u0ec2\u0e97\u0ea5\u0eb0\u0eaa\u0eb1\u0e9a: 02 21 82 78 27<br>\u0ec0\u0ea7\u0eb1\u0e9a\u0ec4\u0e8a\u0e97\u0ecc: <a href=\"https:\/\/www.lrob.fr\/\">www.lrob.fr<\/a><br>\u0ead\u0eb5\u0ec0\u0ea1\u0ea7: abuse@lrob.net<\/p>\n\n\n\n<h3 class=\"wp-block-heading\">\u0e8a\u0eb1\u0e9a\u0eaa\u0eb4\u0e99\u0e97\u0eb2\u0e87\u0e9b\u0eb1\u0e99\u0e8d\u0eb2<\/h3>\n\n\n\n<p>\u0ec0\u0e99\u0eb7\u0ec9\u0ead\u0eab\u0eb2\u0e97\u0eb1\u0e87\u0edd\u0ebb\u0e94\u0ec3\u0e99\u0ec0\u0ea7\u0eb1\u0e9a\u0ec4\u0e8a\u0e97\u0ecc java-pop.fr (\u0e82\u0ecd\u0ec9\u0e84\u0ea7\u0eb2\u0ea1, \u0eae\u0eb9\u0e9a\u0e9e\u0eb2\u0e9a, \u0ec2\u0ea5\u0ec2\u0e81\u0ec9, \u0ea7\u0eb4\u0e94\u0eb5\u0ec2\u0ead, \u0eae\u0eb9\u0e9a\u0e9e\u0eb2\u0e9a \u0ec1\u0ea5\u0eb0 \u0eaa\u0ebd\u0e87) \u0ec1\u0ea1\u0ec8\u0e99\u0ec4\u0e94\u0ec9\u0eae\u0eb1\u0e9a\u0e81\u0eb2\u0e99\u0e9b\u0ebb\u0e81\u0e9b\u0ec9\u0ead\u0e87\u0ec2\u0e94\u0e8d\u0e81\u0ebb\u0e94\u0edd\u0eb2\u0e8d\u0ea5\u0eb4\u0e82\u0eb0\u0eaa\u0eb4\u0e94 \u0ec1\u0ea5\u0eb0 \u0ec0\u0e84\u0eb7\u0ec8\u0ead\u0e87\u0edd\u0eb2\u0e8d\u0e81\u0eb2\u0e99\u0e84\u0ec9\u0eb2. \u0e81\u0eb2\u0e99\u0eaa\u0eb3\u0ec0\u0e99\u0ebb\u0eb2, \u0e81\u0eb2\u0e99\u0e99\u0eb3\u0eaa\u0eb0\u0ec0\u0edc\u0eb5 \u0eab\u0ebc\u0eb7 \u0e81\u0eb2\u0e99\u0ec1\u0e88\u0e81\u0ea2\u0eb2\u0e8d\u0ec3\u0e94\u0ec6, \u0e97\u0eb1\u0e87\u0edd\u0ebb\u0e94 \u0eab\u0ebc\u0eb7 \u0e9a\u0eb2\u0e87\u0eaa\u0ec8\u0ea7\u0e99, \u0ec2\u0e94\u0e8d\u0e9a\u0ecd\u0ec8\u0ec4\u0e94\u0ec9\u0eae\u0eb1\u0e9a\u0ead\u0eb0\u0e99\u0eb8\u0e8d\u0eb2\u0e94\u0ec0\u0e9b\u0eb1\u0e99\u0ea5\u0eb2\u0e8d\u0ea5\u0eb1\u0e81\u0ead\u0eb1\u0e81\u0eaa\u0ead\u0e99\u0ea5\u0ec8\u0ea7\u0e87\u0edc\u0ec9\u0eb2\u0e88\u0eb2\u0e81\u0e84\u0ead\u0e9a\u0e84\u0ebb\u0ea7\u0e82\u0ead\u0e87\u0e82\u0ec9\u0ead\u0e8d\u0ec1\u0ea1\u0ec8\u0e99\u0e96\u0eb7\u0e81\u0eab\u0ec9\u0eb2\u0ea1 \u0ec1\u0ea5\u0eb0 \u0e96\u0eb7\u0ea7\u0ec8\u0eb2\u0ec0\u0e9b\u0eb1\u0e99\u0e81\u0eb2\u0e99\u0ea5\u0eb0\u0ec0\u0ea1\u0eb5\u0e94\u0e97\u0eb5\u0ec8\u0ea1\u0eb5\u0ec2\u0e97\u0e94\u0e9e\u0eb2\u0e8d\u0ec3\u0e95\u0ec9\u0ea1\u0eb2\u0e94\u0e95\u0eb2 L.335-2 \u0ec1\u0ea5\u0eb0 \u0e95\u0ecd\u0ec8\u0ec0\u0e99\u0eb7\u0ec8\u0ead\u0e87\u0e82\u0ead\u0e87\u0e9b\u0eb0\u0ea1\u0ea7\u0e99\u0e81\u0ebb\u0e94\u0edd\u0eb2\u0e8d\u0e8a\u0eb1\u0e9a\u0eaa\u0eb4\u0e99\u0e97\u0eb2\u0e87\u0e9b\u0eb1\u0e99\u0e8d\u0eb2\u0e82\u0ead\u0e87\u0e9d\u0ea3\u0eb1\u0ec8\u0e87.<\/p>\n\n\n\n<h3 class=\"wp-block-heading\">\u0ec1\u0e9a\u0e9a\u0e9f\u0ead\u0ea1\u0e95\u0eb4\u0e94\u0e95\u0ecd\u0ec8 \u0ec1\u0ea5\u0eb0 \u0e82\u0ecd\u0ec9\u0ea1\u0eb9\u0e99\u0eaa\u0ec8\u0ea7\u0e99\u0e95\u0ebb\u0ea7<\/h3>\n\n\n\n<p>\u0ec0\u0ea7\u0eb1\u0e9a\u0ec4\u0e8a\u0e97\u0ecc java-pop.fr \u0ead\u0eb2\u0e94\u0e88\u0eb0\u0eaa\u0eb0\u0ec0\u0edc\u0eb5\u0ec1\u0e9a\u0e9a\u0e9f\u0ead\u0ea1\u0e95\u0eb4\u0e94\u0e95\u0ecd\u0ec8\u0e97\u0eb5\u0ec8\u0ead\u0eb0\u0e99\u0eb8\u0e8d\u0eb2\u0e94\u0ec3\u0eab\u0ec9\u0e9c\u0eb9\u0ec9\u0ea1\u0eb2\u0ea2\u0ec9\u0ebd\u0ea1\u0ea2\u0eb2\u0ea1\u0eaa\u0ebb\u0ec8\u0e87\u0e82\u0ecd\u0ec9\u0e84\u0ea7\u0eb2\u0ea1\u0ec4\u0e9b\u0eab\u0eb2\u0eaa\u0eb0\u0e96\u0eb2\u0e99\u0e97\u0eb5\u0ec8. \u0e82\u0ecd\u0ec9\u0ea1\u0eb9\u0e99\u0e97\u0eb5\u0ec8\u0e9b\u0ec9\u0ead\u0e99\u0ec0\u0e82\u0ebb\u0ec9\u0eb2 (\u0e8a\u0eb7\u0ec8, \u0e97\u0eb5\u0ec8\u0ea2\u0eb9\u0ec8\u0ead\u0eb5\u0ec0\u0ea1\u0ea7, \u0e82\u0ecd\u0ec9\u0e84\u0ea7\u0eb2\u0ea1) \u0e88\u0eb0\u0e96\u0eb7\u0e81\u0ec0\u0e81\u0eb1\u0e9a\u0e81\u0eb3\u0ec0\u0e9e\u0eb7\u0ec8\u0ead\u0e88\u0eb8\u0e94\u0e9b\u0eb0\u0eaa\u0ebb\u0e87\u0ec3\u0e99\u0e81\u0eb2\u0e99\u0e9b\u0eb0\u0ea1\u0ea7\u0e99\u0e9c\u0ebb\u0e99\u0e84\u0eb3\u0eae\u0ec9\u0ead\u0e87\u0e82\u0ecd\u0ec0\u0e97\u0ebb\u0ec8\u0eb2\u0e99\u0eb1\u0ec9\u0e99 \u0ec1\u0ea5\u0eb0 \u0e88\u0eb0\u0e9a\u0ecd\u0ec8\u0e96\u0eb7\u0e81\u0e82\u0eb2\u0e8d \u0eab\u0ebc\u0eb7 \u0eaa\u0ebb\u0ec8\u0e87\u0e95\u0ecd\u0ec8\u0ec3\u0eab\u0ec9\u0e9e\u0eb2\u0e81\u0eaa\u0ec8\u0ea7\u0e99\u0e97\u0eb5\u0eaa\u0eb2\u0ea1. \u0ea1\u0eb1\u0e99\u0e96\u0eb7\u0e81\u0ec0\u0e81\u0eb1\u0e9a\u0eae\u0eb1\u0e81\u0eaa\u0eb2\u0ec4\u0ea7\u0ec9\u0e9e\u0ebd\u0e87\u0ec1\u0e95\u0ec8\u0ec0\u0ea7\u0ea5\u0eb2\u0e97\u0eb5\u0ec8\u0e88\u0eb3\u0ec0\u0e9b\u0eb1\u0e99\u0ec0\u0e9e\u0eb7\u0ec8\u0ead\u0e9b\u0eb0\u0ea1\u0ea7\u0e99\u0e9c\u0ebb\u0e99\u0e84\u0eb3\u0eae\u0ec9\u0ead\u0e87\u0e82\u0ecd \u0ec1\u0ea5\u0eb0 \u0eab\u0ebc\u0eb1\u0e87\u0e88\u0eb2\u0e81\u0e99\u0eb1\u0ec9\u0e99\u0e88\u0eb0\u0e96\u0eb7\u0e81\u0ea5\u0eb6\u0e9a.<\/p>\n\n\n\n<p>\u0ead\u0eb5\u0e87\u0e95\u0eb2\u0ea1\u0ea5\u0eb0\u0e9a\u0ebd\u0e9a\u0e81\u0eb2\u0e99\u0e9b\u0ebb\u0e81\u0e9b\u0ec9\u0ead\u0e87\u0e82\u0ecd\u0ec9\u0ea1\u0eb9\u0e99\u0e97\u0ebb\u0ec8\u0ea7\u0ec4\u0e9b (GDPR \u2013 EU 2016\/679) \u0ec1\u0ea5\u0eb0 \u0e81\u0ebb\u0e94\u0edd\u0eb2\u0e8d\u0ea7\u0ec8\u0eb2\u0e94\u0ec9\u0ea7\u0e8d\u0e81\u0eb2\u0e99\u0e9b\u0ebb\u0e81\u0e9b\u0ec9\u0ead\u0e87\u0e82\u0ecd\u0ec9\u0ea1\u0eb9\u0e99\u0e82\u0ead\u0e87\u0e9d\u0ea3\u0eb1\u0ec8\u0e87 \u0ea5\u0ebb\u0e87\u0ea7\u0eb1\u0e99\u0e97\u0eb5 6 \u0ea1\u0eb1\u0e87\u0e81\u0ead\u0e99 1978, \u0e95\u0eb2\u0ea1\u0e97\u0eb5\u0ec8\u0ec4\u0e94\u0ec9\u0eae\u0eb1\u0e9a\u0e81\u0eb2\u0e99\u0e94\u0eb1\u0e94\u0ec1\u0e81\u0ec9, \u0e97\u0ec8\u0eb2\u0e99\u0ea1\u0eb5\u0eaa\u0eb4\u0e94\u0e97\u0eb5\u0ec8\u0e88\u0eb0\u0ec0\u0e82\u0ebb\u0ec9\u0eb2\u0ec0\u0e96\u0eb4\u0e87, \u0ec1\u0e81\u0ec9\u0ec4\u0e82, \u0ea5\u0eb6\u0e9a\u0ea5\u0ec9\u0eb2\u0e87 \u0ec1\u0ea5\u0eb0 \u0e84\u0eb1\u0e94\u0e84\u0ec9\u0eb2\u0e99\u0e81\u0eb2\u0e99\u0e9b\u0eb0\u0ea1\u0ea7\u0e99\u0e9c\u0ebb\u0e99\u0e82\u0ecd\u0ec9\u0ea1\u0eb9\u0e99\u0eaa\u0ec8\u0ea7\u0e99\u0e95\u0ebb\u0ea7\u0e82\u0ead\u0e87\u0e97\u0ec8\u0eb2\u0e99. \u0ec0\u0e9e\u0eb7\u0ec8\u0ead\u0ec3\u0e8a\u0ec9\u0eaa\u0eb4\u0e94\u0ec0\u0eab\u0ebc\u0ebb\u0ec8\u0eb2\u0e99\u0eb5\u0ec9, \u0e97\u0ec8\u0eb2\u0e99\u0eaa\u0eb2\u0ea1\u0eb2\u0e94\u0e95\u0eb4\u0e94\u0e95\u0ecd\u0ec8\u0e9e\u0ea7\u0e81\u0ec0\u0eae\u0ebb\u0eb2\u0e9c\u0ec8\u0eb2\u0e99\u0ec1\u0e9a\u0e9a\u0e9f\u0ead\u0ea1\u0e95\u0eb4\u0e94\u0e95\u0ecd\u0ec8\u0e82\u0ead\u0e87\u0ec0\u0ea7\u0eb1\u0e9a\u0ec4\u0e8a\u0e97\u0ecc \u0eab\u0ebc\u0eb7 \u0e97\u0eb2\u0e87\u0ec4\u0e9b\u0eaa\u0eb0\u0e99\u0eb5\u0e97\u0eb5\u0ec8\u0e97\u0eb5\u0ec8\u0ea2\u0eb9\u0ec8\u0eab\u0ec9\u0ead\u0e87\u0e81\u0eb2\u0e99\u0e97\u0eb5\u0ec8\u0e88\u0ebb\u0e94\u0e97\u0eb0\u0e9a\u0ebd\u0e99\u0e82\u0ead\u0e87\u0e9e\u0ea7\u0e81\u0ec0\u0eae\u0ebb\u0eb2.<\/p>\n\n\n\n<h3 class=\"wp-block-heading\">\u0e84\u0eb8\u0e81\u0e81\u0eb5\u0ec9<\/h3>\n\n\n\n<p>\u0ec0\u0ea7\u0eb1\u0e9a\u0ec4\u0e8a\u0e97\u0ecc java-pop.fr \u0ead\u0eb2\u0e94\u0e88\u0eb0\u0ec3\u0e8a\u0ec9\u0e84\u0eb8\u0e81\u0e81\u0eb5\u0ec9\u0eaa\u0eb3\u0ea5\u0eb1\u0e9a\u0e81\u0eb2\u0e99\u0ea7\u0eb1\u0e94\u0ec1\u0e97\u0e81\u0e9c\u0eb9\u0ec9\u0e8a\u0ebb\u0ea1 \u0eab\u0ebc\u0eb7 \u0ec0\u0e9e\u0eb7\u0ec8\u0ead\u0eae\u0eb1\u0e9a\u0e9b\u0eb0\u0e81\u0eb1\u0e99\u0e81\u0eb2\u0e99\u0ec0\u0eae\u0eb1\u0e94\u0ea7\u0ebd\u0e81\u0e97\u0eb5\u0ec8\u0ec0\u0edd\u0eb2\u0eb0\u0eaa\u0ebb\u0ea1\u0e82\u0ead\u0e87\u0ec0\u0ea7\u0eb1\u0e9a\u0ec4\u0e8a\u0e97\u0ecc. \u0e97\u0ec8\u0eb2\u0e99\u0eaa\u0eb2\u0ea1\u0eb2\u0e94\u0e95\u0eb1\u0ec9\u0e87\u0e84\u0ec8\u0eb2\u0ec2\u0e9b\u0ea3\u0ec1\u0e81\u0ea3\u0ea1\u0e97\u0ec8\u0ead\u0e87\u0ec0\u0ea7\u0eb1\u0e9a\u0e82\u0ead\u0e87\u0e97\u0ec8\u0eb2\u0e99\u0ec4\u0e94\u0ec9\u0e97\u0eb8\u0e81\u0ec0\u0ea7\u0ea5\u0eb2\u0ec0\u0e9e\u0eb7\u0ec8\u0ead\u0e9b\u0eb0\u0e95\u0eb4\u0ec0\u0eaa\u0e94 \u0eab\u0ebc\u0eb7 \u0ea5\u0eb6\u0e9a\u0e84\u0eb8\u0e81\u0e81\u0eb5\u0ec9.<\/p>\n\n\n\n<h3 class=\"wp-block-heading\">\u0ec0\u0eab\u0ebc\u0ebb\u0ec9\u0eb2 - \u0e84\u0eb3\u0ec0\u0e95\u0eb7\u0ead\u0e99<\/h3>\n\n\n\n<p>Java Pop \u0ec0\u0e9b\u0eb1\u0e99\u0eaa\u0eb0\u0e96\u0eb2\u0e99\u0e97\u0eb5\u0ec8\u0e97\u0eb5\u0ec8\u0ec4\u0e94\u0ec9\u0eae\u0eb1\u0e9a\u0ead\u0eb0\u0e99\u0eb8\u0e8d\u0eb2\u0e94\u0e97\u0eb5\u0ec8\u0e96\u0eb7\u0ec3\u0e9a\u0ead\u0eb0\u0e99\u0eb8\u0e8d\u0eb2\u0e94\u0e82\u0eb2\u0e8d\u0ec0\u0eab\u0ebc\u0ebb\u0ec9\u0eb2\u0e9b\u0eb0\u0ec0\u0e9e\u0e94 IV. \u0ead\u0eb5\u0e87\u0e95\u0eb2\u0ea1\u0e82\u0ecd\u0ec9\u0e81\u0eb3\u0e99\u0ebb\u0e94\u0e82\u0ead\u0e87\u0e9b\u0eb0\u0ea1\u0ea7\u0e99\u0e81\u0ebb\u0e94\u0edd\u0eb2\u0e8d\u0eaa\u0eb2\u0e97\u0eb2\u0ea5\u0eb0\u0e99\u0eb0\u0eaa\u0eb8\u0e81:<\/p>\n\n\n\n<p><strong>\u0e81\u0eb2\u0e99\u0e94\u0eb7\u0ec8\u0ea1\u0ec0\u0eab\u0ebc\u0ebb\u0ec9\u0eb2\u0eab\u0ebc\u0eb2\u0e8d\u0ec0\u0e81\u0eb5\u0e99\u0ec4\u0e9b\u0ec0\u0e9b\u0eb1\u0e99\u0ead\u0eb1\u0e99\u0e95\u0eb0\u0ea5\u0eb2\u0e8d\u0e95\u0ecd\u0ec8\u0eaa\u0eb8\u0e82\u0eb0\u0e9e\u0eb2\u0e9a\u0e82\u0ead\u0e87\u0e97\u0ec8\u0eb2\u0e99. \u0e94\u0eb7\u0ec8\u0ea1\u0ec3\u0e99\u0e9b\u0eb0\u0ea5\u0eb4\u0ea1\u0eb2\u0e99\u0e97\u0eb5\u0ec8\u0e9e\u0ecd\u0e94\u0eb5.<\/strong><\/p>\n\n\n\n<p>\u0eab\u0ec9\u0eb2\u0ea1\u0e82\u0eb2\u0e8d\u0ec0\u0eab\u0ebc\u0ebb\u0ec9\u0eb2\u0ec3\u0eab\u0ec9\u0ec0\u0e94\u0eb1\u0e81\u0e99\u0ec9\u0ead\u0e8d\u0ead\u0eb2\u0e8d\u0eb8\u0e95\u0ec8\u0eb3\u0e81\u0ea7\u0ec8\u0eb2 18 \u0e9b\u0eb5 (\u0ea1\u0eb2\u0e94\u0e95\u0eb2 L.3342-1 \u0e82\u0ead\u0e87\u0e9b\u0eb0\u0ea1\u0ea7\u0e99\u0e81\u0ebb\u0e94\u0edd\u0eb2\u0e8d\u0eaa\u0eb2\u0e97\u0eb2\u0ea5\u0eb0\u0e99\u0eb0\u0eaa\u0eb8\u0e81). \u0ea1\u0eb5\u0ea5\u0eb0\u0e9a\u0ebb\u0e9a\u0e81\u0eb2\u0e99\u0ea2\u0eb1\u0ec9\u0e87\u0ea2\u0eb7\u0e99\u0ead\u0eb2\u0e8d\u0eb8\u0ec0\u0ea1\u0eb7\u0ec8\u0ead\u0ec0\u0e82\u0ebb\u0ec9\u0eb2\u0ec4\u0e9b\u0ec3\u0e99\u0eaa\u0eb0\u0e96\u0eb2\u0e99\u0e97\u0eb5\u0ec8.<\/p>\n\n\n\n<h3 class=\"wp-block-heading\">\u0e82\u0ecd\u0ec9\u0e88\u0eb3\u0e81\u0eb1\u0e94\u0e84\u0ea7\u0eb2\u0ea1\u0eae\u0eb1\u0e9a\u0e9c\u0eb4\u0e94\u0e8a\u0ead\u0e9a<\/h3>\n\n\n\n<p>\u0e84\u0ead\u0e9a\u0e84\u0ebb\u0ea7\u0e82\u0ead\u0e87\u0e82\u0ec9\u0ead\u0e8d\u0e9e\u0eb0\u0e8d\u0eb2\u0e8d\u0eb2\u0ea1\u0ec3\u0eab\u0ec9\u0e82\u0ecd\u0ec9\u0ea1\u0eb9\u0e99\u0e97\u0eb5\u0ec8\u0e96\u0eb7\u0e81\u0e95\u0ec9\u0ead\u0e87\u0e97\u0eb5\u0ec8\u0eaa\u0eb8\u0e94\u0ec0\u0e97\u0ebb\u0ec8\u0eb2\u0e97\u0eb5\u0ec8\u0e88\u0eb0\u0ec0\u0e9b\u0eb1\u0e99\u0ec4\u0e9b\u0ec4\u0e94\u0ec9\u0ec3\u0e99\u0ec0\u0ea7\u0eb1\u0e9a\u0ec4\u0e8a\u0e97\u0ecc java-pop.fr. \u0ec0\u0e96\u0eb4\u0e87\u0ea2\u0ec8\u0eb2\u0e87\u0ec3\u0e94\u0e81\u0ecd\u0ec8\u0e95\u0eb2\u0ea1, \u0e84\u0ead\u0e9a\u0e84\u0ebb\u0ea7\u0e82\u0ead\u0e87\u0e82\u0ec9\u0ead\u0e8d\u0e9a\u0ecd\u0ec8\u0eaa\u0eb2\u0ea1\u0eb2\u0e94\u0eae\u0eb1\u0e9a\u0e9c\u0eb4\u0e94\u0e8a\u0ead\u0e9a\u0e95\u0ecd\u0ec8\u0e81\u0eb2\u0e99\u0e8d\u0ebb\u0e81\u0ec0\u0ea7\u0eb1\u0ec9\u0e99, \u0e84\u0ea7\u0eb2\u0ea1\u0e9a\u0ecd\u0ec8\u0e96\u0eb7\u0e81\u0e95\u0ec9\u0ead\u0e87, \u0eab\u0ebc\u0eb7 \u0e84\u0ea7\u0eb2\u0ea1\u0ea5\u0ebb\u0ec9\u0ea1\u0ec0\u0eab\u0ebc\u0ea7\u0ec3\u0e99\u0e81\u0eb2\u0e99\u0ead\u0eb1\u0e9a\u0ec0\u0e94\u0e94\u0e82\u0ecd\u0ec9\u0ea1\u0eb9\u0e99, \u0e9a\u0ecd\u0ec8\u0ea7\u0ec8\u0eb2\u0e88\u0eb0\u0ec0\u0e9b\u0eb1\u0e99\u0e8d\u0ec9\u0ead\u0e99\u0e81\u0eb2\u0e99\u0e81\u0eb0\u0e97\u0eb3\u0e82\u0ead\u0e87\u0e95\u0ebb\u0e99\u0ec0\u0ead\u0e87 \u0eab\u0ebc\u0eb7 \u0e81\u0eb2\u0e99\u0e81\u0eb0\u0e97\u0eb3\u0e82\u0ead\u0e87\u0e9e\u0eb2\u0e81\u0eaa\u0ec8\u0ea7\u0e99\u0e97\u0eb5\u0eaa\u0eb2\u0ea1. \u0e82\u0ecd\u0ec9\u0ea1\u0eb9\u0e99\u0e97\u0eb1\u0e87\u0edd\u0ebb\u0e94\u0e97\u0eb5\u0ec8\u0ec3\u0eab\u0ec9\u0ec1\u0ea1\u0ec8\u0e99\u0ec0\u0e9e\u0eb7\u0ec8\u0ead\u0e88\u0eb8\u0e94\u0e9b\u0eb0\u0eaa\u0ebb\u0e87\u0ec3\u0e99\u0e81\u0eb2\u0e99\u0ec3\u0eab\u0ec9\u0e82\u0ecd\u0ec9\u0ea1\u0eb9\u0e99\u0ec0\u0e97\u0ebb\u0ec8\u0eb2\u0e99\u0eb1\u0ec9\u0e99 \u0ec1\u0ea5\u0eb0 \u0ead\u0eb2\u0e94\u0ea1\u0eb5\u0e81\u0eb2\u0e99\u0e9b\u0ec8\u0ebd\u0e99\u0ec1\u0e9b\u0e87.<\/p>\n\n\n\n<h3 class=\"wp-block-heading\">\u0ea5\u0eb4\u0ec9\u0e87\u0e84\u0ecc\u0ec4\u0eae\u0ec0\u0e9b\u0eb5\u0ea5\u0eb4\u0ec9\u0e87<\/h3>\n\n\n\n<p>\u0ec0\u0ea7\u0eb1\u0e9a\u0ec4\u0e8a\u0e97\u0ecc java-pop.fr \u0ead\u0eb2\u0e94\u0ea1\u0eb5\u0ea5\u0eb4\u0ec9\u0e87\u0ec4\u0e9b\u0eab\u0eb2\u0ec0\u0ea7\u0eb1\u0e9a\u0ec4\u0e8a\u0e97\u0ecc\u0ead\u0eb7\u0ec8\u0e99\u0ec6. \u0e84\u0ead\u0e9a\u0e84\u0ebb\u0ea7\u0e82\u0ead\u0e87\u0e82\u0ec9\u0ead\u0e8d\u0e9a\u0ecd\u0ec8\u0ea1\u0eb5\u0e81\u0eb2\u0e99\u0e84\u0ea7\u0e9a\u0e84\u0eb8\u0ea1\u0ec0\u0e99\u0eb7\u0ec9\u0ead\u0eab\u0eb2\u0e82\u0ead\u0e87\u0ec0\u0ea7\u0eb1\u0e9a\u0ec4\u0e8a\u0e97\u0ecc\u0e9e\u0eb2\u0e81\u0eaa\u0ec8\u0ea7\u0e99\u0e97\u0eb5\u0eaa\u0eb2\u0ea1\u0ec0\u0eab\u0ebc\u0ebb\u0ec8\u0eb2\u0e99\u0eb5\u0ec9 \u0ec1\u0ea5\u0eb0 \u0e9a\u0ecd\u0ec8\u0eae\u0eb1\u0e9a\u0e9c\u0eb4\u0e94\u0e8a\u0ead\u0e9a\u0e95\u0ecd\u0ec8\u0ec0\u0e99\u0eb7\u0ec9\u0ead\u0eab\u0eb2\u0e82\u0ead\u0e87\u0e9e\u0ea7\u0e81\u0ec0\u0e82\u0ebb\u0eb2.<\/p>\n\n\n\n<h3 class=\"wp-block-heading\">\u0e81\u0ebb\u0e94\u0edd\u0eb2\u0e8d\u0e97\u0eb5\u0ec8\u0ec3\u0e8a\u0ec9\u0ec4\u0e94\u0ec9<\/h3>\n\n\n\n<p>\u0ec1\u0e88\u0ec9\u0e87\u0e81\u0eb2\u0e99\u0e97\u0eb2\u0e87\u0e81\u0ebb\u0e94\u0edd\u0eb2\u0e8d\u0ec0\u0eab\u0ebc\u0ebb\u0ec8\u0eb2\u0e99\u0eb5\u0ec9\u0ec1\u0ea1\u0ec8\u0e99\u0ea2\u0eb9\u0ec8\u0e9e\u0eb2\u0e8d\u0ec3\u0e95\u0ec9\u0e81\u0ebb\u0e94\u0edd\u0eb2\u0e8d\u0e82\u0ead\u0e87\u0e9d\u0ea3\u0eb1\u0ec8\u0e87. \u0ec3\u0e99\u0e81\u0ecd\u0ea5\u0eb0\u0e99\u0eb5\u0ea1\u0eb5\u0e82\u0ecd\u0ec9\u0e82\u0eb1\u0e94\u0ec1\u0e8d\u0ec8\u0e87 \u0ec1\u0ea5\u0eb0 \u0e9a\u0ecd\u0ec8\u0eaa\u0eb2\u0ea1\u0eb2\u0e94\u0ec1\u0e81\u0ec9\u0ec4\u0e82\u0ec4\u0e94\u0ec9\u0ec2\u0e94\u0e8d\u0eaa\u0eb1\u0e99\u0e95\u0eb4, \u0eaa\u0eb2\u0e99\u0e97\u0eb5\u0ec8\u0ea1\u0eb5\u0eaa\u0eb4\u0e94\u0ead\u0eb3\u0e99\u0eb2\u0e94\u0e82\u0ead\u0e87 Orl\u00e9ans \u0e88\u0eb0\u0ea1\u0eb5\u0ead\u0eb3\u0e99\u0eb2\u0e94\u0e95\u0eb1\u0e94\u0eaa\u0eb4\u0e99\u0ec1\u0e95\u0ec8\u0e9e\u0ebd\u0e87\u0e9c\u0eb9\u0ec9\u0e94\u0ebd\u0ea7.<\/p>","protected":false},"excerpt":{"rendered":"<p>Conform\u00e9ment aux dispositions de la loi n\u00b0 2004-575 du 21 juin 2004 pour la confiance dans l&rsquo;\u00e9conomie num\u00e9rique (LCEN), il est port\u00e9 \u00e0 la connaissance des utilisateurs du site java-pop.fr les informations suivantes. \u00c9diteur du site MY FAMILY \u2013 Soci\u00e9t\u00e9 \u00e0 responsabilit\u00e9 limit\u00e9e (SARL) au capital de 3&nbsp;000&nbsp;\u20acSi\u00e8ge social&nbsp;: 45 rue de la Charpenterie, 45000 [&hellip;]<\/p>\n","protected":false},"author":1,"featured_media":0,"parent":0,"menu_order":0,"comment_status":"closed","ping_status":"closed","template":"","meta":{"footnotes":""},"class_list":["post-3","page","type-page","status-publish","hentry"],"_links":{"self":[{"href":"https:\/\/java-pop.fr\/lo\/wp-json\/wp\/v2\/pages\/3","targetHints":{"allow":["GET"]}}],"collection":[{"href":"https:\/\/java-pop.fr\/lo\/wp-json\/wp\/v2\/pages"}],"about":[{"href":"https:\/\/java-pop.fr\/lo\/wp-json\/wp\/v2\/types\/page"}],"author":[{"embeddable":true,"href":"https:\/\/java-pop.fr\/lo\/wp-json\/wp\/v2\/users\/1"}],"replies":[{"embeddable":true,"href":"https:\/\/java-pop.fr\/lo\/wp-json\/wp\/v2\/comments?post=3"}],"version-history":[{"count":1,"href":"https:\/\/java-pop.fr\/lo\/wp-json\/wp\/v2\/pages\/3\/revisions"}],"predecessor-version":[{"id":63,"href":"https:\/\/java-pop.fr\/lo\/wp-json\/wp\/v2\/pages\/3\/revisions\/63"}],"wp:attachment":[{"href":"https:\/\/java-pop.fr\/lo\/wp-json\/wp\/v2\/media?parent=3"}],"curies":[{"name":"wp","href":"https:\/\/api.w.org\/{rel}","templated":true}]}}