{"id":3,"date":"2026-03-09T16:05:29","date_gmt":"2026-03-09T16:05:29","guid":{"rendered":"https:\/\/java-pop.fr\/?page_id=3"},"modified":"2026-04-05T15:42:53","modified_gmt":"2026-04-05T15:42:53","slug":"notka-prawna","status":"publish","type":"page","link":"https:\/\/java-pop.fr\/pl\/mentions-legales\/","title":{"rendered":"Informacje prawne"},"content":{"rendered":"<p>Zgodnie z przepisami ustawy nr 2004-575 z dnia 21 czerwca 2004 r. o zaufaniu do gospodarki cyfrowej (LCEN), u\u017cytkownicy strony internetowej s\u0105 informowani <strong>java-pop.pl<\/strong> nast\u0119puj\u0105ce informacje.<\/p>\n\n\n\n<h3 class=\"wp-block-heading\">Redaktor strony<\/h3>\n\n\n\n<p><strong>MOJA RODZINA<\/strong> Sp\u00f3\u0142ka z ograniczon\u0105 odpowiedzialno\u015bci\u0105 (SARL) z kapita\u0142em zak\u0142adowym w wysoko\u015bci 3 000 \u20ac<br>Siedziba g\u0142\u00f3wna: 45 rue de la Charpenterie, 45000 Orl\u00e9ans<br>RCS Orl\u00e9ans 522 978 089 \u2013 Kod NAF: 5630Z<br>Sztuka <strong>Java Pop<\/strong><br>Mened\u017cer: Pascal ROUSSEAU<\/p>\n\n\n\n<h3 class=\"wp-block-heading\">Dyrektor wydawniczy<\/h3>\n\n\n\n<p>Pascal ROUSSEAU, w charakterze zarz\u0105dzaj\u0105cego sp\u00f3\u0142k\u0105 MY FAMILY.<\/p>\n\n\n\n<h3 class=\"wp-block-heading\">Zakwaterowanie<\/h3>\n\n\n\n<p>Robin LABADIE \u2013 LRob \u2013 Przedsi\u0119biorstwo indywidualne<br>1, rue Pierre Chevaldonn\u00e9, 45000 Orl\u00e9ans<br>SYRENA: 528 479 736 \u2013 RCS Orl\u00e9ans<br>Telefon: 02 21 82 78 27<br>Strona internetowa: <a href=\"https:\/\/www.lrob.fr\/\">www.lrob.fr<\/a><br>E-mail: abuse@lrob.net<\/p>\n\n\n\n<h3 class=\"wp-block-heading\">W\u0142asno\u015b\u0107 intelektualna<\/h3>\n\n\n\n<p>Wszystkie tre\u015bci znajduj\u0105ce si\u0119 na stronie java-pop.fr (teksty, obrazy, loga, filmy, elementy graficzne i d\u017awi\u0119kowe) s\u0105 chronione prawem autorskim i prawem znak\u00f3w towarowych. Jakikolwiek powielanie, przedstawianie lub rozpowszechnianie, w ca\u0142o\u015bci lub w cz\u0119\u015bci, bez uprzedniej pisemnej zgody firmy MY FAMILY jest zabronione i stanowi\u0142oby naruszenie praw autorskich, sankcjonowane przez artyku\u0142y L.335-2 i kolejne Kodeksu W\u0142asno\u015bci Intelektualnej.<\/p>\n\n\n\n<h3 class=\"wp-block-heading\">Formularz kontaktowy i dane osobowe<\/h3>\n\n\n\n<p>Strona java-pop.fr mo\u017ce oferowa\u0107 formularz kontaktowy, umo\u017cliwiaj\u0105cy odwiedzaj\u0105cym wys\u0142anie wiadomo\u015bci do plac\u00f3wki. Wprowadzone dane (imi\u0119 i nazwisko, adres e-mail, wiadomo\u015b\u0107) s\u0105 zbierane wy\u0142\u0105cznie w celu rozpatrzenia wniosku i nie s\u0105 przekazywane ani udost\u0119pniane stronom trzecim. S\u0105 one przechowywane przez czas niezb\u0119dny do rozpatrzenia wniosku, a nast\u0119pnie usuwane.<\/p>\n\n\n\n<p>Zgodnie z Og\u00f3lnym Rozporz\u0105dzeniem o Ochronie Danych (RODO \u2013 UE 2016\/679) oraz ustaw\u0105 o ochronie danych osobowych z dnia 6 stycznia 1978 r. ze zmianami, maj\u0105 Pa\u0144stwo prawo dost\u0119pu, sprostowania, usuni\u0119cia i sprzeciwu wobec przetwarzania swoich danych osobowych. Aby skorzysta\u0107 z tych praw, prosimy o kontakt za po\u015brednictwem formularza kontaktowego na stronie internetowej lub poczt\u0105 tradycyjn\u0105 na adres siedziby.<\/p>\n\n\n\n<h3 class=\"wp-block-heading\">Ciastka<\/h3>\n\n\n\n<p>Witryna java-pop.fr mo\u017ce u\u017cywa\u0107 plik\u00f3w cookie w celu pomiaru ruchu lub zapewnienia prawid\u0142owego dzia\u0142ania witryny. W ka\u017cdej chwili mo\u017cesz skonfigurowa\u0107 przegl\u0105dark\u0119, aby odrzuci\u0107 lub usun\u0105\u0107 pliki cookie.<\/p>\n\n\n\n<h3 class=\"wp-block-heading\">Alkohol \u2013 Ostrze\u017cenie<\/h3>\n\n\n\n<p>La Java Pop to lokal gastronomiczny posiadaj\u0105cy licencj\u0119 IV. Zgodnie z przepisami Kodeksu Zdrowia Publicznego:<\/p>\n\n\n\n<p><strong>Nadu\u017cywanie alkoholu jest szkodliwe dla zdrowia. Spo\u017cywa\u0107 z umiarem.<\/strong><\/p>\n\n\n\n<p>Sprzeda\u017c alkoholu jest zabroniona osobom poni\u017cej 18 roku \u017cycia (art. L.3342-1 Kodeksu Zdrowia Publicznego). System weryfikacji wieku jest uruchamiany od momentu wej\u015bcia na stron\u0119.<\/p>\n\n\n\n<h3 class=\"wp-block-heading\">Ograniczenie odpowiedzialno\u015bci<\/h3>\n\n\n\n<p>Firma MY FAMILY dok\u0142ada stara\u0144, aby na stronie java-pop.fr dostarcza\u0107 jak najdok\u0142adniejszych informacji. Jednak\u017ce nie ponosi ona odpowiedzialno\u015bci za pomini\u0119cia, nie\u015bcis\u0142o\u015bci lub braki w aktualizacji, niezale\u017cnie od tego, czy wynikaj\u0105 one z jej dzia\u0142a\u0144, czy z dzia\u0142a\u0144 os\u00f3b trzecich. Wszystkie dostarczone informacje maj\u0105 charakter orientacyjny i mog\u0105 ulec zmianie.<\/p>\n\n\n\n<h3 class=\"wp-block-heading\">Hiper\u0142\u0105cza<\/h3>\n\n\n\n<p>Witryna java-pop.fr mo\u017ce zawiera\u0107 linki do innych stron. Firma MY FAMILY nie ma \u017cadnej kontroli nad tre\u015bci\u0105 tych stron trzecich i zrzeka si\u0119 wszelkiej odpowiedzialno\u015bci za ich zawarto\u015b\u0107.<\/p>\n\n\n\n<h3 class=\"wp-block-heading\">Prawo w\u0142a\u015bciwe<\/h3>\n\n\n\n<p>Niniejsze informacje prawne podlegaj\u0105 prawu francuskiemu. W przypadku sporu, a w braku polubownego rozwi\u0105zania, wy\u0142\u0105czn\u0105 jurysdykcj\u0119 b\u0119d\u0105 mia\u0142y s\u0105dy w Orleanie.<\/p>","protected":false},"excerpt":{"rendered":"<p>Conform\u00e9ment aux dispositions de la loi n\u00b0 2004-575 du 21 juin 2004 pour la confiance dans l&rsquo;\u00e9conomie num\u00e9rique (LCEN), il est port\u00e9 \u00e0 la connaissance des utilisateurs du site java-pop.fr les informations suivantes. \u00c9diteur du site MY FAMILY \u2013 Soci\u00e9t\u00e9 \u00e0 responsabilit\u00e9 limit\u00e9e (SARL) au capital de 3&nbsp;000&nbsp;\u20acSi\u00e8ge social&nbsp;: 45 rue de la Charpenterie, 45000 [&hellip;]<\/p>\n","protected":false},"author":1,"featured_media":0,"parent":0,"menu_order":0,"comment_status":"closed","ping_status":"closed","template":"","meta":{"footnotes":""},"class_list":["post-3","page","type-page","status-publish","hentry"],"_links":{"self":[{"href":"https:\/\/java-pop.fr\/pl\/wp-json\/wp\/v2\/pages\/3","targetHints":{"allow":["GET"]}}],"collection":[{"href":"https:\/\/java-pop.fr\/pl\/wp-json\/wp\/v2\/pages"}],"about":[{"href":"https:\/\/java-pop.fr\/pl\/wp-json\/wp\/v2\/types\/page"}],"author":[{"embeddable":true,"href":"https:\/\/java-pop.fr\/pl\/wp-json\/wp\/v2\/users\/1"}],"replies":[{"embeddable":true,"href":"https:\/\/java-pop.fr\/pl\/wp-json\/wp\/v2\/comments?post=3"}],"version-history":[{"count":1,"href":"https:\/\/java-pop.fr\/pl\/wp-json\/wp\/v2\/pages\/3\/revisions"}],"predecessor-version":[{"id":63,"href":"https:\/\/java-pop.fr\/pl\/wp-json\/wp\/v2\/pages\/3\/revisions\/63"}],"wp:attachment":[{"href":"https:\/\/java-pop.fr\/pl\/wp-json\/wp\/v2\/media?parent=3"}],"curies":[{"name":"wp","href":"https:\/\/api.w.org\/{rel}","templated":true}]}}