{"id":35,"date":"2026-03-29T16:50:47","date_gmt":"2026-03-29T16:50:47","guid":{"rendered":"https:\/\/java-pop.fr\/?page_id=35"},"modified":"2026-04-26T21:06:23","modified_gmt":"2026-04-26T21:06:23","slug":"la-java-pop-bar-musical-orleans-cocktails-jam-sessions-comedy-club","status":"publish","type":"page","link":"https:\/\/java-pop.fr\/pl\/","title":{"rendered":"La Java Pop | Bar Musical Orl\u00e9ans - koktajle, jam sessions i klub komediowy"},"content":{"rendered":"<div class=\"wp-block-cover alignfull\"><img loading=\"lazy\" decoding=\"async\" width=\"1536\" height=\"1024\" class=\"wp-block-cover__image-background wp-image-28 size-full\" alt=\"\" src=\"https:\/\/java-pop.fr\/wp-content\/uploads\/2026\/03\/java-pop-terrasse-nuit-pluie.jpg\" data-object-fit=\"cover\" srcset=\"https:\/\/java-pop.fr\/wp-content\/uploads\/2026\/03\/java-pop-terrasse-nuit-pluie.jpg 1536w, https:\/\/java-pop.fr\/wp-content\/uploads\/2026\/03\/java-pop-terrasse-nuit-pluie-300x200.jpg 300w, https:\/\/java-pop.fr\/wp-content\/uploads\/2026\/03\/java-pop-terrasse-nuit-pluie-1024x683.jpg 1024w, https:\/\/java-pop.fr\/wp-content\/uploads\/2026\/03\/java-pop-terrasse-nuit-pluie-768x512.jpg 768w\" sizes=\"auto, (max-width: 1536px) 100vw, 1536px\" \/><span aria-hidden=\"true\" class=\"wp-block-cover__background has-background-dim-100 has-background-dim wp-block-cover__gradient-background has-background-gradient\" style=\"background:linear-gradient(180deg,rgb(0,0,0) 0%,rgba(255,255,255,0) 40%,rgb(0,0,0) 97%)\"><\/span><div class=\"wp-block-cover__inner-container has-global-padding is-layout-constrained wp-block-cover-is-layout-constrained\"><h1 class=\"wp-block-post-title\">La Java Pop | Bar Musical Orl\u00e9ans - koktajle, jam sessions i klub komediowy<\/h1>\n\n\n<p>Autorskie koktajle, jam session na \u017cywo i kameralna atmosfera w samym sercu historycznego centrum Orleanu.<\/p>\n<\/div><\/div>\n\n\n\n<p>Witamy w La Java Pop, barze muzycznym w sercu Orleanu. Po\u0142o\u017cony przy 45 rue de la Charpenterie, w centrum starego miasta, La Java Pop jest czym\u015b wi\u0119cej ni\u017c tylko barem koktajlowym: to t\u0119tni\u0105ce \u017cyciem miejsce, w kt\u00f3rym muzyka, humor i towarzysko\u015b\u0107 spotykaj\u0105 si\u0119 co tydzie\u0144.<\/p>\n\n\n\n<p>Przytulna atmosfera, \u015bwietna akustyka, domowe koktajle - tutaj przychodzisz po do\u015bwiadczenie. Niezale\u017cnie od tego, czy szukasz intymnego drinka z przyjaci\u00f3\u0142mi, czy t\u0119tni\u0105cego \u017cyciem jam session, La Java Pop to miejsce, w kt\u00f3rym musisz by\u0107.<\/p>\n\n\n\n<h2 class=\"wp-block-heading\">La Java Jam - niedzielne wieczory<\/h2>\n\n\n\n<p>Mniej wi\u0119cej w ka\u017cd\u0105 niedziel\u0119 La Java Pop o\u017cywa dzi\u0119ki <strong>Java Jam<\/strong> Otwarta sesja, podczas kt\u00f3rej muzycy amatorzy, profesjonali\u015bci i entuzja\u015bci mog\u0105 si\u0119 spotka\u0107, wymieni\u0107 pomys\u0142ami i wsp\u00f3lnie improwizowa\u0107 na scenie.<\/p>\n\n\n\n<figure class=\"wp-block-image size-large has-custom-border is-style-default\"><img loading=\"lazy\" decoding=\"async\" width=\"1024\" height=\"768\" src=\"https:\/\/java-pop.fr\/wp-content\/uploads\/2026\/04\/Jam-Java-Pop-1024x768.jpg\" alt=\"\" class=\"wp-image-66\" style=\"border-top-left-radius:16px;border-top-right-radius:16px;border-bottom-left-radius:16px;border-bottom-right-radius:16px;aspect-ratio:16\/9;object-fit:cover\" srcset=\"https:\/\/java-pop.fr\/wp-content\/uploads\/2026\/04\/Jam-Java-Pop-1024x768.jpg 1024w, https:\/\/java-pop.fr\/wp-content\/uploads\/2026\/04\/Jam-Java-Pop-300x225.jpg 300w, https:\/\/java-pop.fr\/wp-content\/uploads\/2026\/04\/Jam-Java-Pop-768x576.jpg 768w, https:\/\/java-pop.fr\/wp-content\/uploads\/2026\/04\/Jam-Java-Pop-1536x1152.jpg 1536w, https:\/\/java-pop.fr\/wp-content\/uploads\/2026\/04\/Jam-Java-Pop-2048x1536.jpg 2048w, https:\/\/java-pop.fr\/wp-content\/uploads\/2026\/04\/Jam-Java-Pop-16x12.jpg 16w\" sizes=\"auto, (max-width: 1024px) 100vw, 1024px\" \/><\/figure>\n\n\n\n<p>Bez setlisty, bez barier - po prostu przyjemno\u015b\u0107 grania i dzielenia si\u0119. Java Jam jest dusz\u0105 La Java Pop. Przyjd\u017a i s\u0142uchaj, przyjd\u017a i graj, przyjd\u017a i wibruj.<\/p>\n\n\n\n<h2 class=\"wp-block-heading\">Klub komediowy i wydarzenia<\/h2>\n\n\n\n<p>Energia La Java Pop nie ko\u0144czy si\u0119 na muzyce. W barze regularnie odbywaj\u0105 si\u0119 <strong>Klub komediowy<\/strong> wieczory komedii improwizowanej, gdzie \u015bmiech jest kr\u00f3lem.<\/p>\n\n\n\n<p>Pomi\u0119dzy jam session, Comedy Club i wieczorami tematycznymi, w La Java Pop zawsze co\u015b si\u0119 dzieje. \u015aled\u017a nas w Internecie, aby upewni\u0107 si\u0119, \u017ce niczego nie przegapisz!<\/p>\n\n\n\n<ul class=\"wp-block-social-links has-large-icon-size is-content-justification-center is-layout-flex wp-container-core-social-links-is-layout-a89b3969 wp-block-social-links-is-layout-flex\"><li class=\"wp-social-link wp-social-link-facebook  wp-block-social-link\"><a href=\"https:\/\/www.facebook.com\/p\/La-Java-Pop-100063662165255\/\" class=\"wp-block-social-link-anchor\"><svg width=\"24\" height=\"24\" viewbox=\"0 0 24 24\" version=\"1.1\" xmlns=\"http:\/\/www.w3.org\/2000\/svg\" aria-hidden=\"true\" focusable=\"false\"><path d=\"M12 2C6.5 2 2 6.5 2 12c0 5 3.7 9.1 8.4 9.9v-7H7.9V12h2.5V9.8c0-2.5 1.5-3.9 3.8-3.9 1.1 0 2.2.2 2.2.2v2.5h-1.3c-1.2 0-1.6.8-1.6 1.6V12h2.8l-.4 2.9h-2.3v7C18.3 21.1 22 17 22 12c0-5.5-4.5-10-10-10z\"><\/path><\/svg><span class=\"wp-block-social-link-label screen-reader-text\">Facebook<\/span><\/a><\/li>\n\n<li class=\"wp-social-link wp-social-link-instagram  wp-block-social-link\"><a href=\"https:\/\/www.instagram.com\/java_pop_orleans\/\" class=\"wp-block-social-link-anchor\"><svg width=\"24\" height=\"24\" viewbox=\"0 0 24 24\" version=\"1.1\" xmlns=\"http:\/\/www.w3.org\/2000\/svg\" aria-hidden=\"true\" focusable=\"false\"><path d=\"M12,4.622c2.403,0,2.688,0.009,3.637,0.052c0.877,0.04,1.354,0.187,1.671,0.31c0.42,0.163,0.72,0.358,1.035,0.673 c0.315,0.315,0.51,0.615,0.673,1.035c0.123,0.317,0.27,0.794,0.31,1.671c0.043,0.949,0.052,1.234,0.052,3.637 s-0.009,2.688-0.052,3.637c-0.04,0.877-0.187,1.354-0.31,1.671c-0.163,0.42-0.358,0.72-0.673,1.035 c-0.315,0.315-0.615,0.51-1.035,0.673c-0.317,0.123-0.794,0.27-1.671,0.31c-0.949,0.043-1.233,0.052-3.637,0.052 s-2.688-0.009-3.637-0.052c-0.877-0.04-1.354-0.187-1.671-0.31c-0.42-0.163-0.72-0.358-1.035-0.673 c-0.315-0.315-0.51-0.615-0.673-1.035c-0.123-0.317-0.27-0.794-0.31-1.671C4.631,14.688,4.622,14.403,4.622,12 s0.009-2.688,0.052-3.637c0.04-0.877,0.187-1.354,0.31-1.671c0.163-0.42,0.358-0.72,0.673-1.035 c0.315-0.315,0.615-0.51,1.035-0.673c0.317-0.123,0.794-0.27,1.671-0.31C9.312,4.631,9.597,4.622,12,4.622 M12,3 C9.556,3,9.249,3.01,8.289,3.054C7.331,3.098,6.677,3.25,6.105,3.472C5.513,3.702,5.011,4.01,4.511,4.511 c-0.5,0.5-0.808,1.002-1.038,1.594C3.25,6.677,3.098,7.331,3.054,8.289C3.01,9.249,3,9.556,3,12c0,2.444,0.01,2.751,0.054,3.711 c0.044,0.958,0.196,1.612,0.418,2.185c0.23,0.592,0.538,1.094,1.038,1.594c0.5,0.5,1.002,0.808,1.594,1.038 c0.572,0.222,1.227,0.375,2.185,0.418C9.249,20.99,9.556,21,12,21s2.751-0.01,3.711-0.054c0.958-0.044,1.612-0.196,2.185-0.418 c0.592-0.23,1.094-0.538,1.594-1.038c0.5-0.5,0.808-1.002,1.038-1.594c0.222-0.572,0.375-1.227,0.418-2.185 C20.99,14.751,21,14.444,21,12s-0.01-2.751-0.054-3.711c-0.044-0.958-0.196-1.612-0.418-2.185c-0.23-0.592-0.538-1.094-1.038-1.594 c-0.5-0.5-1.002-0.808-1.594-1.038c-0.572-0.222-1.227-0.375-2.185-0.418C14.751,3.01,14.444,3,12,3L12,3z M12,7.378 c-2.552,0-4.622,2.069-4.622,4.622S9.448,16.622,12,16.622s4.622-2.069,4.622-4.622S14.552,7.378,12,7.378z M12,15 c-1.657,0-3-1.343-3-3s1.343-3,3-3s3,1.343,3,3S13.657,15,12,15z M16.804,6.116c-0.596,0-1.08,0.484-1.08,1.08 s0.484,1.08,1.08,1.08c0.596,0,1.08-0.484,1.08-1.08S17.401,6.116,16.804,6.116z\"><\/path><\/svg><span class=\"wp-block-social-link-label screen-reader-text\">Instagram<\/span><\/a><\/li><\/ul>\n\n\n\n<h2 class=\"wp-block-heading\">Nasze autorskie koktajle<\/h2>\n\n\n\n<p>W barze La Java Pop ka\u017cda szklanka opowiada histori\u0119.<\/p>\n\n\n\n<p><strong>Domowy Punch<\/strong> - Nasz flagowy produkt. Przygotowany zgodnie z zasadami sztuki, jest idealnym towarzyszem relaksuj\u0105cego wieczoru z przyjaci\u00f3\u0142mi.<\/p>\n\n\n\n<div class=\"wp-block-columns are-vertically-aligned-center is-layout-flex wp-container-core-columns-is-layout-28f84493 wp-block-columns-is-layout-flex\">\n<div class=\"wp-block-column is-vertically-aligned-center is-layout-flow wp-block-column-is-layout-flow\">\n<figure class=\"wp-block-image size-full\"><img loading=\"lazy\" decoding=\"async\" width=\"957\" height=\"957\" src=\"https:\/\/java-pop.fr\/wp-content\/uploads\/2026\/04\/Java-Squal.webp\" alt=\"\" class=\"wp-image-71\" srcset=\"https:\/\/java-pop.fr\/wp-content\/uploads\/2026\/04\/Java-Squal.webp 957w, https:\/\/java-pop.fr\/wp-content\/uploads\/2026\/04\/Java-Squal-300x300.webp 300w, https:\/\/java-pop.fr\/wp-content\/uploads\/2026\/04\/Java-Squal-150x150.webp 150w, https:\/\/java-pop.fr\/wp-content\/uploads\/2026\/04\/Java-Squal-768x768.webp 768w, https:\/\/java-pop.fr\/wp-content\/uploads\/2026\/04\/Java-Squal-12x12.webp 12w\" sizes=\"auto, (max-width: 957px) 100vw, 957px\" \/><\/figure>\n<\/div>\n\n\n\n<div class=\"wp-block-column is-vertically-aligned-center is-layout-flow wp-block-column-is-layout-flow\">\n<p><strong>Le Squall<\/strong> - Ognisty koktajl, dos\u0142ownie. Spektakularny i pot\u0119\u017cny Squall rozpali Twoje wieczory tak samo, jak Twoje kubki smakowe. Odkryj go przynajmniej raz.<\/p>\n<\/div>\n<\/div>\n\n\n\n<p>I oczywi\u015bcie menu kreatywnych koktajli, zaprojektowanych tak, aby uzupe\u0142ni\u0107 ka\u017cd\u0105 chwil\u0119 wieczoru.<\/p>\n\n\n\n<div class=\"wp-block-buttons is-layout-flex wp-block-buttons-is-layout-flex\">\n<div class=\"wp-block-button\"><a class=\"wp-block-button__link wp-element-button\" href=\"\/pl\/karta\/\">Zobacz map\u0119<\/a><\/div>\n<\/div>\n\n\n\n<h2 class=\"wp-block-heading\">Wyj\u0105tkowy d\u017awi\u0119k<\/h2>\n\n\n\n<p>Pierwsz\u0105 rzecz\u0105, kt\u00f3r\u0105 mo\u017cna zauwa\u017cy\u0107 po wej\u015bciu do La Java Pop, jest d\u017awi\u0119k. Profesjonalny system nag\u0142o\u015bnienia, staranny dob\u00f3r muzyki i przede wszystkim <strong>obr\u00f3bka akustyczna<\/strong> zaprojektowane z my\u015bl\u0105 o komforcie: tutaj muzyka brzmi dobrze i mo\u017cna rozmawia\u0107 bez krzyk\u00f3w.<\/p>\n\n\n\n<p>Bar muzyczny, w kt\u00f3rym mo\u017cna us\u0142ysze\u0107, jak si\u0119 m\u00f3wi - to rzadko\u015b\u0107 i w\u0142a\u015bnie tam \u017cyjemy.<\/p>\n\n\n\n<h2 class=\"wp-block-heading\">Paco - Dusza tego miejsca<\/h2>\n\n\n\n<div class=\"wp-block-columns are-vertically-aligned-center is-layout-flex wp-container-core-columns-is-layout-28f84493 wp-block-columns-is-layout-flex\">\n<div class=\"wp-block-column is-vertically-aligned-center is-layout-flow wp-block-column-is-layout-flow\" style=\"flex-basis:50%\">\n<figure class=\"wp-block-image size-large has-custom-border\"><img loading=\"lazy\" decoding=\"async\" width=\"768\" height=\"1024\" src=\"https:\/\/java-pop.fr\/wp-content\/uploads\/2026\/04\/Paco-Java-Pop-768x1024.jpg\" alt=\"\" class=\"wp-image-65\" style=\"border-top-left-radius:16px;border-top-right-radius:16px;border-bottom-left-radius:16px;border-bottom-right-radius:16px\" srcset=\"https:\/\/java-pop.fr\/wp-content\/uploads\/2026\/04\/Paco-Java-Pop-768x1024.jpg 768w, https:\/\/java-pop.fr\/wp-content\/uploads\/2026\/04\/Paco-Java-Pop-225x300.jpg 225w, https:\/\/java-pop.fr\/wp-content\/uploads\/2026\/04\/Paco-Java-Pop-1152x1536.jpg 1152w, https:\/\/java-pop.fr\/wp-content\/uploads\/2026\/04\/Paco-Java-Pop-1536x2048.jpg 1536w, https:\/\/java-pop.fr\/wp-content\/uploads\/2026\/04\/Paco-Java-Pop-9x12.jpg 9w, https:\/\/java-pop.fr\/wp-content\/uploads\/2026\/04\/Paco-Java-Pop-scaled.jpg 1920w\" sizes=\"auto, (max-width: 768px) 100vw, 768px\" \/><\/figure>\n<\/div>\n\n\n\n<div class=\"wp-block-column is-vertically-aligned-center is-layout-flow wp-block-column-is-layout-flow\" style=\"flex-basis:50%\">\n<p>Za La Java Pop stoi Paco. Muzyk, wokalista, saksofonista w wolnym czasie, a przede wszystkim pasjonat muzyki i kultury we wszystkich jej formach.<\/p>\n\n\n\n<p>Jego ambicj\u0105 jest podniesienie rangi Orleanu poprzez zaoferowanie mieszka\u0144com wyj\u0105tkowego miejsca, zmys\u0142owego interludium, do kt\u00f3rego ludzie przychodz\u0105 zar\u00f3wno dla koktajli, jak i dla atmosfery. Nie zdziw si\u0119 wi\u0119c, je\u015bli pewnego wieczoru wyjdzie na scen\u0119.<\/p>\n<\/div>\n<\/div>\n\n\n\n<h2 class=\"wp-block-heading\">Lokalizacja \/ dost\u0119p<\/h2>\n\n\n\n<p><strong>45 Rue de la Charpenterie, 45000 Orlean<\/strong><\/p>\n\n\n\n<p>W samym sercu Orleanu, w historycznej dzielnicy, tu\u017c obok kina Path\u00e9 i rzut kamieniem od Place de la Loire. Do La Java Pop mo\u017cna \u0142atwo dotrze\u0107 pieszo, tramwajem lub rowerem.<\/p>\n\n\n\n<hr class=\"wp-block-separator has-alpha-channel-opacity\"\/>\n\n\n\n<p>Masz ochot\u0119 na drinka, jam session albo po prostu miejsce, gdzie mi\u0142o sp\u0119dzisz wiecz\u00f3r w Orleanie? Wpadnij do La Java Pop!<\/p>","protected":false},"excerpt":{"rendered":"<p>Bienvenue \u00e0 La Java Pop, votre bar musical au c\u0153ur d&rsquo;Orl\u00e9ans. Nich\u00e9 au 45 rue de la Charpenterie, dans le centre ancien, La Java Pop est bien plus qu&rsquo;un simple bar \u00e0 cocktails : c&rsquo;est un lieu vivant o\u00f9 la musique, l&rsquo;humour et la convivialit\u00e9 se retrouvent chaque semaine. Ambiance cosy, acoustique travaill\u00e9e, cocktails faits [&hellip;]<\/p>\n","protected":false},"author":1,"featured_media":20,"parent":0,"menu_order":0,"comment_status":"closed","ping_status":"closed","template":"page-no-title","meta":{"footnotes":""},"class_list":["post-35","page","type-page","status-publish","has-post-thumbnail","hentry"],"_links":{"self":[{"href":"https:\/\/java-pop.fr\/pl\/wp-json\/wp\/v2\/pages\/35","targetHints":{"allow":["GET"]}}],"collection":[{"href":"https:\/\/java-pop.fr\/pl\/wp-json\/wp\/v2\/pages"}],"about":[{"href":"https:\/\/java-pop.fr\/pl\/wp-json\/wp\/v2\/types\/page"}],"author":[{"embeddable":true,"href":"https:\/\/java-pop.fr\/pl\/wp-json\/wp\/v2\/users\/1"}],"replies":[{"embeddable":true,"href":"https:\/\/java-pop.fr\/pl\/wp-json\/wp\/v2\/comments?post=35"}],"version-history":[{"count":12,"href":"https:\/\/java-pop.fr\/pl\/wp-json\/wp\/v2\/pages\/35\/revisions"}],"predecessor-version":[{"id":92,"href":"https:\/\/java-pop.fr\/pl\/wp-json\/wp\/v2\/pages\/35\/revisions\/92"}],"wp:featuredmedia":[{"embeddable":true,"href":"https:\/\/java-pop.fr\/pl\/wp-json\/wp\/v2\/media\/20"}],"wp:attachment":[{"href":"https:\/\/java-pop.fr\/pl\/wp-json\/wp\/v2\/media?parent=35"}],"curies":[{"name":"wp","href":"https:\/\/api.w.org\/{rel}","templated":true}]}}