{"id":3,"date":"2026-03-09T16:05:29","date_gmt":"2026-03-09T16:05:29","guid":{"rendered":"https:\/\/java-pop.fr\/?page_id=3"},"modified":"2026-04-05T15:42:53","modified_gmt":"2026-04-05T15:42:53","slug":"mentions-legales","status":"publish","type":"page","link":"https:\/\/java-pop.fr\/pt\/mentions-legales\/","title":{"rendered":"Men\u00e7\u00f5es Legais"},"content":{"rendered":"<p>Em conformidade com o disposto na lei n.\u00ba 2004-575, de 21 de junho de 2004, para a confian\u00e7a na economia digital (LCEN), informa-se os utilizadores do site <strong>java-pop.fr<\/strong> as seguintes informa\u00e7\u00f5es.<\/p>\n\n\n\n<h3 class=\"wp-block-heading\">Editor do site<\/h3>\n\n\n\n<p><strong>A MINHA FAM\u00cdLIA<\/strong> \u2013 Sociedade de responsabilidade limitada (SARL) com capital de 3 000 \u20ac<br>Sede: 45 rue de la Charpenterie, 45000 Orl\u00e9ans<br>RCS Orl\u00e9ans 522 978 089 \u2013 C\u00f3digo NAF: 5630Z<br>Ensinar: <strong>Java Pop<\/strong><br>Gerente: Pascal ROUSSEAU<\/p>\n\n\n\n<h3 class=\"wp-block-heading\">Diretor de publica\u00e7\u00e3o<\/h3>\n\n\n\n<p>Pascal ROUSSEAU, em qualidade de gerente da sociedade MY FAMILY.<\/p>\n\n\n\n<h3 class=\"wp-block-heading\">Alojamento<\/h3>\n\n\n\n<p>Robin LABADIE \u2013 LRob \u2013 Empresa individual<br>1, rue Pierre Chevaldonn\u00e9, 45000 Orl\u00e9ans<br>SIRENE : 528 479 736 \u2013 RCS Orl\u00e9ans<br>Telem\u00f3vel: 02 21 82 78 27<br>S\u00edtio web: <a href=\"https:\/\/www.lrob.fr\/\">www.lrob.fr<\/a><br>E-mail: abuse@lrob.net<\/p>\n\n\n\n<h3 class=\"wp-block-heading\">Propriedade intelectual<\/h3>\n\n\n\n<p>O conjunto de conte\u00fados presentes no site java-pop.fr (textos, imagens, log\u00f3tipos, v\u00eddeos, elementos gr\u00e1ficos e sonoros) \u00e9 protegido pelo direito de autor e pelo direito das marcas. Qualquer reprodu\u00e7\u00e3o, representa\u00e7\u00e3o ou difus\u00e3o, total ou parcial, sem autoriza\u00e7\u00e3o escrita pr\u00e9via da sociedade MY FAMILY \u00e9 proibida e constituiria uma contrafa\u00e7\u00e3o sancionada pelos artigos L.335-2 e seguintes do C\u00f3digo da Propriedade Intelectual.<\/p>\n\n\n\n<h3 class=\"wp-block-heading\">Formul\u00e1rio de contacto e dados pessoais<\/h3>\n\n\n\n<p>O site java-pop.fr pode disponibilizar um formul\u00e1rio de contacto que permite aos visitantes enviar uma mensagem ao estabelecimento. Os dados introduzidos (nome, endere\u00e7o de e-mail, mensagem) s\u00e3o recolhidos com o \u00fanico objetivo de tratar o pedido e n\u00e3o s\u00e3o cedidos nem transmitidos a terceiros. S\u00e3o conservados durante o tempo necess\u00e1rio ao tratamento do pedido e, seguidamente, eliminados.<\/p>\n\n\n\n<p>Em conformidade com o Regulamento Geral de Prote\u00e7\u00e3o de Dados (RGPD \u2013 UE 2016\/679) e com a Lei de Inform\u00e1tica e Liberdades de 6 de janeiro de 1978, alterada, disp\u00f5e de um direito de acesso, retifica\u00e7\u00e3o, elimina\u00e7\u00e3o e oposi\u00e7\u00e3o relativamente aos seus dados pessoais. Para exercer estes direitos, pode contactar-nos atrav\u00e9s do formul\u00e1rio de contacto do site ou por correio para a morada da sede social.<\/p>\n\n\n\n<h3 class=\"wp-block-heading\">Bolachas<\/h3>\n\n\n\n<p>O site java-pop.fr \u00e9 suscet\u00edvel de utilizar cookies para fins de medi\u00e7\u00e3o de audi\u00eancia ou de bom funcionamento do site. Pode a todo o momento configurar o seu navegador para recusar ou eliminar cookies.<\/p>\n\n\n\n<h3 class=\"wp-block-heading\">\u00c1lcool \u2013 Aviso<\/h3>\n\n\n\n<p>O Java Pop \u00e9 um estabelecimento de bebidas licenciado. De acordo with o disposto no C\u00f3digo da Sa\u00fade P\u00fablica:<\/p>\n\n\n\n<p><strong>O abuso de \u00e1lcool \u00e9 perigoso para a sa\u00fade. Consumir com modera\u00e7\u00e3o.<\/strong><\/p>\n\n\n\n<p>A venda de \u00e1lcool \u00e9 proibida a menores de 18 anos (artigo L.3342-1 do C\u00f3digo de Sa\u00fade P\u00fablica). Um sistema de verifica\u00e7\u00e3o de idade \u00e9 implementado desde o acesso ao site.<\/p>\n\n\n\n<h3 class=\"wp-block-heading\">Limita\u00e7\u00e3o de responsabilidade<\/h3>\n\n\n\n<p>A empresa MY FAMILY esfor\u00e7a-se por fornecer no s\u00edtio java-pop.fr informa\u00e7\u00f5es t\u00e3o precisas quanto poss\u00edvel. Contudo, n\u00e3o poder\u00e1 ser responsabilizada por omiss\u00f5es, imprecis\u00f5es ou falhas na atualiza\u00e7\u00e3o, sejam elas devidas a si pr\u00f3pria ou a terceiros. Todas as informa\u00e7\u00f5es fornecidas s\u00e3o a t\u00edtulo informativo e est\u00e3o sujeitas a altera\u00e7\u00f5es.<\/p>\n\n\n\n<h3 class=\"wp-block-heading\">Liga\u00e7\u00f5es hipertexto<\/h3>\n\n\n\n<p>O site java-pop.fr pode conter liga\u00e7\u00f5es para outros sites. A empresa MY FAMILY n\u00e3o disp\u00f5e de qualquer controlo sobre o conte\u00fado destes sites terceiros e declina toda e qualquer responsabilidade quanto ao seu conte\u00fado.<\/p>\n\n\n\n<h3 class=\"wp-block-heading\">Direito aplic\u00e1vel<\/h3>\n\n\n\n<p>As presentes cl\u00e1usulas legais s\u00e3o regidas pelo direito franc\u00eas. Em caso de lit\u00edgio, e na aus\u00eancia de resolu\u00e7\u00e3o por acordo m\u00fatuo, os tribunais competentes de Orle\u00e3es ser\u00e3o os \u00fanicos com jurisdi\u00e7\u00e3o.<\/p>","protected":false},"excerpt":{"rendered":"<p>Conform\u00e9ment aux dispositions de la loi n\u00b0 2004-575 du 21 juin 2004 pour la confiance dans l&rsquo;\u00e9conomie num\u00e9rique (LCEN), il est port\u00e9 \u00e0 la connaissance des utilisateurs du site java-pop.fr les informations suivantes. \u00c9diteur du site MY FAMILY \u2013 Soci\u00e9t\u00e9 \u00e0 responsabilit\u00e9 limit\u00e9e (SARL) au capital de 3&nbsp;000&nbsp;\u20acSi\u00e8ge social&nbsp;: 45 rue de la Charpenterie, 45000 [&hellip;]<\/p>\n","protected":false},"author":1,"featured_media":0,"parent":0,"menu_order":0,"comment_status":"closed","ping_status":"closed","template":"","meta":{"footnotes":""},"class_list":["post-3","page","type-page","status-publish","hentry"],"_links":{"self":[{"href":"https:\/\/java-pop.fr\/pt\/wp-json\/wp\/v2\/pages\/3","targetHints":{"allow":["GET"]}}],"collection":[{"href":"https:\/\/java-pop.fr\/pt\/wp-json\/wp\/v2\/pages"}],"about":[{"href":"https:\/\/java-pop.fr\/pt\/wp-json\/wp\/v2\/types\/page"}],"author":[{"embeddable":true,"href":"https:\/\/java-pop.fr\/pt\/wp-json\/wp\/v2\/users\/1"}],"replies":[{"embeddable":true,"href":"https:\/\/java-pop.fr\/pt\/wp-json\/wp\/v2\/comments?post=3"}],"version-history":[{"count":1,"href":"https:\/\/java-pop.fr\/pt\/wp-json\/wp\/v2\/pages\/3\/revisions"}],"predecessor-version":[{"id":63,"href":"https:\/\/java-pop.fr\/pt\/wp-json\/wp\/v2\/pages\/3\/revisions\/63"}],"wp:attachment":[{"href":"https:\/\/java-pop.fr\/pt\/wp-json\/wp\/v2\/media?parent=3"}],"curies":[{"name":"wp","href":"https:\/\/api.w.org\/{rel}","templated":true}]}}